{"id":2953,"date":"2015-10-22T14:11:22","date_gmt":"2015-10-22T14:11:22","guid":{"rendered":"https:\/\/www.prensoland.com\/es\/export\/"},"modified":"2019-10-23T10:05:31","modified_gmt":"2019-10-23T08:05:31","slug":"exportacion","status":"publish","type":"page","link":"https:\/\/www.prensoland.com\/es\/exportacion\/","title":{"rendered":"EXPORTACI\u00d3N"},"content":{"rendered":"<div id=\"pl-2953\"  class=\"panel-layout\" ><div id=\"pg-2953-0\"  class=\"panel-grid panel-has-style\" ><div class=\"siteorigin-panels-stretch panel-row-style-full-width panel-row-style panel-row-style-for-2953-0\" data-stretch-type=\"full\" ><div id=\"pgc-2953-0-0\"  class=\"panel-grid-cell\" ><div id=\"panel-2953-0-0-0\" class=\"so-panel widget widget_black-studio-tinymce widget_black_studio_tinymce panel-first-child panel-last-child\" data-index=\"0\" ><div class=\"textwidget\"><h1 style=\"text-align: center;\"><span style=\"color: #ffffff;\">EXPORTACI\u00d3N<\/span><\/h1>\n<h3 style=\"text-align: center;\"><span style=\"color: #ffffff;\"><strong>Exportamos nuestra maquinaria para la fabricaci\u00f3n de prefabricados de hormig\u00f3n en todo el mundo<\/strong><\/span><\/h3>\n<\/div><\/div><\/div><\/div><\/div><div id=\"pg-2953-1\"  class=\"panel-grid panel-has-style\" ><div class=\"siteorigin-panels-stretch panel-row-style-full-width panel-row-style panel-row-style-for-2953-1\" data-stretch-type=\"full\" ><div id=\"pgc-2953-1-0\"  class=\"panel-grid-cell\" ><div id=\"panel-2953-1-0-0\" class=\"so-panel widget widget_black-studio-tinymce widget_black_studio_tinymce panel-first-child panel-last-child\" data-index=\"1\" ><div class=\"textwidget\"><h2 style=\"font-size: 2.2em; font-weight: 700; line-height: 36px;\">M\u00e1s de 3.800 m\u00e1quinas vendidas en todo el mundo<\/h2>\n<\/div><\/div><\/div><div id=\"pgc-2953-1-1\"  class=\"panel-grid-cell panel-grid-cell-empty\" ><\/div><div id=\"pgc-2953-1-2\"  class=\"panel-grid-cell\" ><div id=\"panel-2953-1-2-0\" class=\"so-panel widget widget_black-studio-tinymce widget_black_studio_tinymce panel-first-child panel-last-child\" data-index=\"2\" ><div class=\"textwidget\"><p>PRENSOLAND, S.A. naci\u00f3 con vocaci\u00f3n exportadora, analizando las necesidades concretas de cada zona geogr\u00e1fica y fabricando m\u00e1quinas adaptadas tanto a los diferentes tipos de piezas como vol\u00famenes necesarios de producci\u00f3n.<\/p>\n<p>Asistimos a las ferias m\u00e1s importantes del sector, nacionales e internacionales, para presentar los \u00faltimos dise\u00f1os e innovaciones t\u00e9cnicas.\u00a0<\/p>\n<p>Por ello, estamos presentes en m\u00e1s de 48 pa\u00edses\u00a0de los 5 continentes y seguimos trabajando para\u00a0incrementar nuestra presencia en el mundo.<\/p>\n<p>Nuestra experiencia\u00a0garantiza en todos los proyectos el poder suministrar la m\u00e1quina o instalaci\u00f3n m\u00e1s adecuada para cada cliente.<\/p>\n<\/div><\/div><\/div><\/div><\/div><div id=\"pg-2953-2\"  class=\"panel-grid panel-has-style\" ><div class=\"siteorigin-panels-stretch panel-row-style-full-width panel-row-style panel-row-style-for-2953-2\" style=\"background-color: #efefef; \" data-stretch-type=\"full\" ><div id=\"pgc-2953-2-0\"  class=\"panel-grid-cell\" ><div id=\"panel-2953-2-0-0\" class=\"so-panel widget widget_black-studio-tinymce widget_black_studio_tinymce panel-first-child\" data-index=\"3\" ><div class=\"panel-widget-style panel-widget-style-for-2953-2-0-0\" ><div class=\"textwidget\"><h3 style=\"text-align: center;\">Pa\u00edses donde distribuimos nuestra maquinaria para la producci\u00f3n de prefabricados de hormig\u00f3n:<\/h3>\n<\/div><\/div><\/div><div id=\"panel-2953-2-0-1\" class=\"so-panel widget widget_black-studio-tinymce widget_black_studio_tinymce panel-last-child\" data-index=\"4\" ><div class=\"textwidget\"><p><div class='iwm_map_canvas'><div id='map_canvas_1' class='i_world_map ' class='iwm_map_canvas'><div class='iwm_placeholder'><img width='32px' src='https:\/\/www.prensoland.com\/wp-content\/plugins\/interactive-world-maps\/imgs\/placeholder.png'><br>export<\/div><\/div><\/div><\/p>\n<\/div><\/div><\/div><\/div><\/div><\/div>","protected":false},"excerpt":{"rendered":"<p>EXPORTACI\u00d3N Exportamos nuestra maquinaria para la fabricaci\u00f3n de prefabricados de [&hellip;]<\/p>\n","protected":false},"author":5,"featured_media":0,"parent":0,"menu_order":0,"comment_status":"closed","ping_status":"closed","template":"templates\/template-full-notitle.php","meta":{"footnotes":""},"class_list":["post-2953","page","type-page","status-publish","post"],"yoast_head":"<!-- This site is optimized with the Yoast SEO plugin v27.3 - https:\/\/yoast.com\/product\/yoast-seo-wordpress\/ -->\n<title>Exportaci\u00f3n | M\u00e1quinas Bloqueras y Vigueteras - Prensoland<\/title>\n<meta name=\"description\" content=\"Exportaci\u00f3n de nuestras m\u00e1quinas para la fabricaci\u00f3n de prefabricados de hormig\u00f3n a todo el mundo. M\u00e1s de 3.800 m\u00e1quinas vendidas en m\u00e1s de 48 pa\u00edses. Prensoland.\" \/>\n<meta name=\"robots\" content=\"index, follow, max-snippet:-1, max-image-preview:large, max-video-preview:-1\" \/>\n<link rel=\"canonical\" href=\"https:\/\/www.prensoland.com\/es\/exportacion\/\" \/>\n<meta property=\"og:locale\" content=\"es_ES\" \/>\n<meta property=\"og:type\" content=\"article\" \/>\n<meta property=\"og:title\" content=\"Exportaci\u00f3n | M\u00e1quinas Bloqueras y Vigueteras - Prensoland\" \/>\n<meta property=\"og:description\" content=\"Exportaci\u00f3n de nuestras m\u00e1quinas para la fabricaci\u00f3n de prefabricados de hormig\u00f3n a todo el mundo. M\u00e1s de 3.800 m\u00e1quinas vendidas en m\u00e1s de 48 pa\u00edses. Prensoland.\" \/>\n<meta property=\"og:url\" content=\"https:\/\/www.prensoland.com\/es\/exportacion\/\" \/>\n<meta property=\"og:site_name\" content=\"prensoland.com\" \/>\n<meta property=\"article:publisher\" content=\"https:\/\/www.facebook.com\/PRENSOLAND\/\" \/>\n<meta property=\"article:modified_time\" content=\"2019-10-23T08:05:31+00:00\" \/>\n<meta property=\"og:image\" content=\"https:\/\/www.prensoland.com\/wp-content\/plugins\/interactive-world-maps\/imgs\/placeholder.png\" \/>\n<meta name=\"twitter:card\" content=\"summary_large_image\" \/>\n<meta name=\"twitter:site\" content=\"@prensoland\" \/>\n<meta name=\"twitter:label1\" content=\"Est. reading time\" \/>\n\t<meta name=\"twitter:data1\" content=\"1 minute\" \/>\n<!-- \/ Yoast SEO plugin. -->","yoast_head_json":{"title":"Exportaci\u00f3n | M\u00e1quinas Bloqueras y Vigueteras - Prensoland","description":"Exportaci\u00f3n de nuestras m\u00e1quinas para la fabricaci\u00f3n de prefabricados de hormig\u00f3n a todo el mundo. M\u00e1s de 3.800 m\u00e1quinas vendidas en m\u00e1s de 48 pa\u00edses. Prensoland.","robots":{"index":"index","follow":"follow","max-snippet":"max-snippet:-1","max-image-preview":"max-image-preview:large","max-video-preview":"max-video-preview:-1"},"canonical":"https:\/\/www.prensoland.com\/es\/exportacion\/","og_locale":"es_ES","og_type":"article","og_title":"Exportaci\u00f3n | M\u00e1quinas Bloqueras y Vigueteras - Prensoland","og_description":"Exportaci\u00f3n de nuestras m\u00e1quinas para la fabricaci\u00f3n de prefabricados de hormig\u00f3n a todo el mundo. M\u00e1s de 3.800 m\u00e1quinas vendidas en m\u00e1s de 48 pa\u00edses. Prensoland.","og_url":"https:\/\/www.prensoland.com\/es\/exportacion\/","og_site_name":"prensoland.com","article_publisher":"https:\/\/www.facebook.com\/PRENSOLAND\/","article_modified_time":"2019-10-23T08:05:31+00:00","og_image":[{"url":"https:\/\/www.prensoland.com\/wp-content\/plugins\/interactive-world-maps\/imgs\/placeholder.png","type":"","width":"","height":""}],"twitter_card":"summary_large_image","twitter_site":"@prensoland","twitter_misc":{"Est. reading time":"1 minute"},"schema":{"@context":"https:\/\/schema.org","@graph":[{"@type":"WebPage","@id":"https:\/\/www.prensoland.com\/es\/exportacion\/","url":"https:\/\/www.prensoland.com\/es\/exportacion\/","name":"Exportaci\u00f3n | M\u00e1quinas Bloqueras y Vigueteras - Prensoland","isPartOf":{"@id":"https:\/\/www.prensoland.com\/fr\/#website"},"primaryImageOfPage":{"@id":"https:\/\/www.prensoland.com\/es\/exportacion\/#primaryimage"},"image":{"@id":"https:\/\/www.prensoland.com\/es\/exportacion\/#primaryimage"},"thumbnailUrl":"https:\/\/www.prensoland.com\/wp-content\/plugins\/interactive-world-maps\/imgs\/placeholder.png","datePublished":"2015-10-22T14:11:22+00:00","dateModified":"2019-10-23T08:05:31+00:00","description":"Exportaci\u00f3n de nuestras m\u00e1quinas para la fabricaci\u00f3n de prefabricados de hormig\u00f3n a todo el mundo. M\u00e1s de 3.800 m\u00e1quinas vendidas en m\u00e1s de 48 pa\u00edses. Prensoland.","breadcrumb":{"@id":"https:\/\/www.prensoland.com\/es\/exportacion\/#breadcrumb"},"inLanguage":"es","potentialAction":[{"@type":"ReadAction","target":["https:\/\/www.prensoland.com\/es\/exportacion\/"]}]},{"@type":"ImageObject","inLanguage":"es","@id":"https:\/\/www.prensoland.com\/es\/exportacion\/#primaryimage","url":"https:\/\/www.prensoland.com\/wp-content\/plugins\/interactive-world-maps\/imgs\/placeholder.png","contentUrl":"https:\/\/www.prensoland.com\/wp-content\/plugins\/interactive-world-maps\/imgs\/placeholder.png"},{"@type":"BreadcrumbList","@id":"https:\/\/www.prensoland.com\/es\/exportacion\/#breadcrumb","itemListElement":[{"@type":"ListItem","position":1,"name":"Prensoland","item":"https:\/\/www.prensoland.com\/es\/"},{"@type":"ListItem","position":2,"name":"EXPORTACI\u00d3N"}]},{"@type":"WebSite","@id":"https:\/\/www.prensoland.com\/fr\/#website","url":"https:\/\/www.prensoland.com\/fr\/","name":"prensoland.com","description":"","publisher":{"@id":"https:\/\/www.prensoland.com\/fr\/#organization"},"potentialAction":[{"@type":"SearchAction","target":{"@type":"EntryPoint","urlTemplate":"https:\/\/www.prensoland.com\/fr\/?s={search_term_string}"},"query-input":{"@type":"PropertyValueSpecification","valueRequired":true,"valueName":"search_term_string"}}],"inLanguage":"es"},{"@type":"Organization","@id":"https:\/\/www.prensoland.com\/fr\/#organization","name":"Prensoland","url":"https:\/\/www.prensoland.com\/fr\/","logo":{"@type":"ImageObject","inLanguage":"es","@id":"https:\/\/www.prensoland.com\/fr\/#\/schema\/logo\/image\/","url":"https:\/\/www.prensoland.com\/wp-content\/uploads\/2016\/11\/prensoland-logo.png","contentUrl":"https:\/\/www.prensoland.com\/wp-content\/uploads\/2016\/11\/prensoland-logo.png","width":129,"height":125,"caption":"Prensoland"},"image":{"@id":"https:\/\/www.prensoland.com\/fr\/#\/schema\/logo\/image\/"},"sameAs":["https:\/\/www.facebook.com\/PRENSOLAND\/","https:\/\/x.com\/prensoland","https:\/\/www.linkedin.com\/company\/2341896","https:\/\/es.pinterest.com\/prensoland\/","https:\/\/www.youtube.com\/user\/PRENSOLAND"]}]}},"_links":{"self":[{"href":"https:\/\/www.prensoland.com\/es\/wp-json\/wp\/v2\/pages\/2953","targetHints":{"allow":["GET"]}}],"collection":[{"href":"https:\/\/www.prensoland.com\/es\/wp-json\/wp\/v2\/pages"}],"about":[{"href":"https:\/\/www.prensoland.com\/es\/wp-json\/wp\/v2\/types\/page"}],"author":[{"embeddable":true,"href":"https:\/\/www.prensoland.com\/es\/wp-json\/wp\/v2\/users\/5"}],"replies":[{"embeddable":true,"href":"https:\/\/www.prensoland.com\/es\/wp-json\/wp\/v2\/comments?post=2953"}],"version-history":[{"count":15,"href":"https:\/\/www.prensoland.com\/es\/wp-json\/wp\/v2\/pages\/2953\/revisions"}],"predecessor-version":[{"id":59580,"href":"https:\/\/www.prensoland.com\/es\/wp-json\/wp\/v2\/pages\/2953\/revisions\/59580"}],"wp:attachment":[{"href":"https:\/\/www.prensoland.com\/es\/wp-json\/wp\/v2\/media?parent=2953"}],"curies":[{"name":"wp","href":"https:\/\/api.w.org\/{rel}","templated":true}]}}