{"id":4838,"date":"2016-09-26T12:35:55","date_gmt":"2016-09-26T12:35:55","guid":{"rendered":"https:\/\/www.prensoland.com\/es\/?page_id=4838"},"modified":"2018-09-26T13:52:07","modified_gmt":"2018-09-26T11:52:07","slug":"nuestros-valores","status":"publish","type":"page","link":"https:\/\/www.prensoland.com\/es\/nuestros-valores\/","title":{"rendered":"Nuestros valores"},"content":{"rendered":"<div id=\"pl-4838\"  class=\"panel-layout\" ><div id=\"pg-4838-0\"  class=\"panel-grid panel-has-style\" ><div class=\"lsow-dark-bg siteorigin-panels-stretch panel-row-style-full-width panel-row-style panel-row-style-for-4838-0\" data-stretch-type=\"full-stretched\" ><div id=\"pgc-4838-0-0\"  class=\"panel-grid-cell\" ><div id=\"panel-4838-0-0-0\" class=\"so-panel widget widget_sow-editor panel-first-child panel-last-child\" data-index=\"0\" ><div\n\t\t\t\n\t\t\tclass=\"so-widget-sow-editor so-widget-sow-editor-base\"\n\t\t\t\n\t\t>\n<div class=\"siteorigin-widget-tinymce textwidget\">\n\t<h1 style=\"text-align: center;\"><span style=\"color: #ffffff;\">NUESTROS VALORES<\/span><\/h1>\n<h3 style=\"text-align: center;\"><\/h3>\n<\/div>\n<\/div><\/div><\/div><\/div><\/div><div id=\"pg-4838-1\"  class=\"panel-grid panel-has-style\" ><div class=\"lsow-row siteorigin-panels-stretch panel-row-style-full-width panel-row-style panel-row-style-for-4838-1\" style=\"background-color: #ffffff; \" data-stretch-type=\"full\" ><div id=\"pgc-4838-1-0\"  class=\"panel-grid-cell\" ><div id=\"panel-4838-1-0-0\" class=\"so-panel widget widget_lsow-odometers panel-first-child panel-last-child\" data-index=\"1\" ><div\n\t\t\t\n\t\t\tclass=\"so-widget-lsow-odometers so-widget-lsow-odometers-default-d75171398898-4838\"\n\t\t\t\n\t\t>\n<div class=\"lsow-odometers lsow-grid-container  lsow-grid-desktop-4 lsow-grid-tablet-2 lsow-grid-mobile-1\"><div class=\"lsow-grid-item lsow-odometer\"><span class=\"lsow-prefix\">M\u00e1s de<\/span><div class=\"lsow-number odometer\" data-stop=\"3800\">0<\/div><!-- .lsow-number --><div class=\"lsow-stats-title-wrap\"><div class=\"lsow-stats-title\"><span class=\"lsow-icon-wrapper\"><span class=\"sow-icon-ionicons\" data-sow-icon=\"&#xf251;\"\n\t\t \n\t\taria-hidden=\"true\"><\/span><\/span>M\u00e1quinas vendidas en todo el mundo<\/div><\/div><\/div><!-- .lsow-odometer --><div class=\"lsow-grid-item lsow-odometer\"><span class=\"lsow-prefix\">Presentes en<\/span><div class=\"lsow-number odometer\" data-stop=\"50\">0<\/div><!-- .lsow-number --><div class=\"lsow-stats-title-wrap\"><div class=\"lsow-stats-title\"><span class=\"lsow-icon-wrapper\"><span class=\"sow-icon-ionicons\" data-sow-icon=\"&#xf38c;\"\n\t\t \n\t\taria-hidden=\"true\"><\/span><\/span>Pa\u00edses<\/div><\/div><\/div><!-- .lsow-odometer --><div class=\"lsow-grid-item lsow-odometer\"><span class=\"lsow-prefix\">M\u00e1s de<\/span><div class=\"lsow-number odometer\" data-stop=\"1000\">0<\/div><!-- .lsow-number --><div class=\"lsow-stats-title-wrap\"><div class=\"lsow-stats-title\"><span class=\"lsow-icon-wrapper\"><span class=\"sow-icon-fontawesome sow-fas\" data-sow-icon=\"&#xf0b1;\"\n\t\t \n\t\taria-hidden=\"true\"><\/span><\/span>Clientes en todo el mundo <\/div><\/div><\/div><!-- .lsow-odometer --><div class=\"lsow-grid-item lsow-odometer\"><span class=\"lsow-prefix\">Desde el a\u00f1o                <\/span><div class=\"lsow-number odometer\" data-stop=\"1959\">0<\/div><!-- .lsow-number --><div class=\"lsow-stats-title-wrap\"><div class=\"lsow-stats-title\"><span class=\"lsow-icon-wrapper\"><span class=\"sow-icon-fontawesome sow-fas\" data-sow-icon=\"&#xf275;\"\n\t\t \n\t\taria-hidden=\"true\"><\/span><\/span>Aportando soluciones en maquinaria para prefabricados de hormig\u00f3n<\/div><\/div><\/div><!-- .lsow-odometer --><\/div><!-- .lsow-odometers --><div class=\"lsow-clear\"><\/div><\/div><\/div><\/div><\/div><\/div><div id=\"pg-4838-2\"  class=\"panel-grid panel-has-style\" ><div class=\"lsow-row siteorigin-panels-stretch panel-row-style-full-width panel-row-style panel-row-style-for-4838-2\" style=\"background-color: #f4f4f4; \" data-stretch-type=\"full\" ><div id=\"pgc-4838-2-0\"  class=\"panel-grid-cell\" ><div id=\"panel-4838-2-0-0\" class=\"so-panel widget widget_lsow-services panel-first-child panel-last-child\" data-index=\"2\" ><div\n\t\t\t\n\t\t\tclass=\"so-widget-lsow-services so-widget-lsow-services-default-02eaddce5d1e-4838\"\n\t\t\t\n\t\t><div id=\"lsow-services-1\" class=\"lsow-services lsow-style2 lsow-grid-container  lsow-grid-desktop-4 lsow-grid-tablet-2 lsow-grid-mobile-1\"><div class=\"lsow-grid-item lsow-service-wrapper\"><div class=\"lsow-service \" ><div class=\"lsow-icon-wrapper\"><span class=\"sow-icon-fontawesome sow-fas\" data-sow-icon=\"&#xf091;\"\n\t\t \n\t\taria-hidden=\"true\"><\/span><\/div><div class=\"lsow-service-text\"><h3 class=\"lsow-title\">EXPERIENCIA<\/h3><div class=\"lsow-service-details\">Nuestro \u00e9xito internacional est\u00e1 avalado por m\u00e1s de 50 a\u00f1os de experiencia, m\u00e1s de 1000 clientes en todo el mundo y m\u00e1s de 3500 m\u00e1quinas vendidas.\n<\/div><\/div><!-- .lsow-service-text --><\/div><!-- .lsow-service --><\/div><!-- .lsow-service-wrapper --><div class=\"lsow-grid-item lsow-service-wrapper\"><div class=\"lsow-service \" ><div class=\"lsow-icon-wrapper\"><span class=\"sow-icon-fontawesome sow-fas\" data-sow-icon=\"&#xf126;\"\n\t\t \n\t\taria-hidden=\"true\"><\/span><\/div><div class=\"lsow-service-text\"><h3 class=\"lsow-title\">I+D+i<\/h3><div class=\"lsow-service-details\">Nuestra filosof\u00eda de empresa es ofrecer tecnolog\u00eda de vanguardia e innovaci\u00f3n constantes. La empresa hace una clara apuesta por su departamento de I+D+i, dise\u00f1ando equipos con materiales de alto rendimiento y de alta tecnolog\u00eda.<\/div><\/div><!-- .lsow-service-text --><\/div><!-- .lsow-service --><\/div><!-- .lsow-service-wrapper --><div class=\"lsow-grid-item lsow-service-wrapper\"><div class=\"lsow-service \" ><div class=\"lsow-icon-wrapper\"><span class=\"sow-icon-fontawesome sow-fas\" data-sow-icon=\"&#xf209;\"\n\t\t \n\t\taria-hidden=\"true\"><\/span><\/div><div class=\"lsow-service-text\"><h3 class=\"lsow-title\">CALIDAD - PRECIO<\/h3><div class=\"lsow-service-details\">Nuestra maquinaria bloquera y los equipos para fabricar vigas y placas pretensadas de concreto ofrecen la mejor alternativa en calidad-precio.\n<\/div><\/div><!-- .lsow-service-text --><\/div><!-- .lsow-service --><\/div><!-- .lsow-service-wrapper --><div class=\"lsow-grid-item lsow-service-wrapper\"><div class=\"lsow-service \" ><div class=\"lsow-icon-wrapper\"><span class=\"sow-icon-fontawesome sow-fas\" data-sow-icon=\"&#xf1ec;\"\n\t\t \n\t\taria-hidden=\"true\"><\/span><\/div><div class=\"lsow-service-text\"><h3 class=\"lsow-title\">RENTABILIDAD<\/h3><div class=\"lsow-service-details\">Equipos ajustados al mercado y a las necesidades de cada cliente. Asistencia presonalizada en el estudio de su inversi\u00f3n.<\/div><\/div><!-- .lsow-service-text --><\/div><!-- .lsow-service --><\/div><!-- .lsow-service-wrapper --><div class=\"lsow-grid-item lsow-service-wrapper\"><div class=\"lsow-service \" ><div class=\"lsow-icon-wrapper\"><span class=\"sow-icon-fontawesome sow-fas\" data-sow-icon=\"&#xf1b3;\"\n\t\t \n\t\taria-hidden=\"true\"><\/span><\/div><div class=\"lsow-service-text\"><h3 class=\"lsow-title\">FUNCIONALIDAD<\/h3><div class=\"lsow-service-details\">Producto final de calidad \u00f3ptima: Son productos prefabricados de concreto de todas las formas y medidas, adecuados al sector, innovadores y que ofrecen una funcionalidad y resistencia \u00f3ptima.<\/div><\/div><!-- .lsow-service-text --><\/div><!-- .lsow-service --><\/div><!-- .lsow-service-wrapper --><div class=\"lsow-grid-item lsow-service-wrapper\"><div class=\"lsow-service \" ><div class=\"lsow-icon-wrapper\"><span class=\"sow-icon-fontawesome sow-fas\" data-sow-icon=\"&#xf02e;\"\n\t\t \n\t\taria-hidden=\"true\"><\/span><\/div><div class=\"lsow-service-text\"><h3 class=\"lsow-title\">MANTENIMIENTO M\u00cdNIMO<\/h3><div class=\"lsow-service-details\">Toda nuestra maquinaria solamente requiere un mantenimiento m\u00ednimo.<\/div><\/div><!-- .lsow-service-text --><\/div><!-- .lsow-service --><\/div><!-- .lsow-service-wrapper --><div class=\"lsow-grid-item lsow-service-wrapper\"><div class=\"lsow-service \" ><div class=\"lsow-icon-wrapper\"><span class=\"sow-icon-fontawesome sow-fas\" data-sow-icon=\"&#xf0d0;\"\n\t\t \n\t\taria-hidden=\"true\"><\/span><\/div><div class=\"lsow-service-text\"><h3 class=\"lsow-title\">VERSATILIDAD<\/h3><div class=\"lsow-service-details\">Ofrecemos una gran variedad de posibilidades de instalaciones: desde una planta peque\u00f1a semi-manual hasta instalaciones totalmente automatizadas.<\/div><\/div><!-- .lsow-service-text --><\/div><!-- .lsow-service --><\/div><!-- .lsow-service-wrapper --><div class=\"lsow-grid-item lsow-service-wrapper\"><div class=\"lsow-service \" ><div class=\"lsow-icon-wrapper\"><\/div><div class=\"lsow-service-text\"><h3 class=\"lsow-title\">RESISTENCIA<\/h3><div class=\"lsow-service-details\">Todos nuestros productos son fabricados bajo los m\u00e1s altos est\u00e1ndares de calidad y seguridad.<\/div><\/div><!-- .lsow-service-text --><\/div><!-- .lsow-service --><\/div><!-- .lsow-service-wrapper --><div class=\"lsow-grid-item lsow-service-wrapper\"><div class=\"lsow-service \" ><div class=\"lsow-icon-wrapper\"><span class=\"sow-icon-fontawesome sow-fas\" data-sow-icon=\"&#xf1d8;\"\n\t\t \n\t\taria-hidden=\"true\"><\/span><\/div><div class=\"lsow-service-text\"><h3 class=\"lsow-title\">AUTOMATIZACI\u00d3N<\/h3><div class=\"lsow-service-details\">Nuestros equipos permiten reducir considerablemente la mano de obra.<\/div><\/div><!-- .lsow-service-text --><\/div><!-- .lsow-service --><\/div><!-- .lsow-service-wrapper --><div class=\"lsow-grid-item lsow-service-wrapper\"><div class=\"lsow-service \" ><div class=\"lsow-icon-wrapper\"><span class=\"sow-icon-fontawesome sow-fas\" data-sow-icon=\"&#xf164;\"\n\t\t \n\t\taria-hidden=\"true\"><\/span><\/div><div class=\"lsow-service-text\"><h3 class=\"lsow-title\">POST VENTA<\/h3><div class=\"lsow-service-details\">Servicio t\u00e9cnico y de post venta propio durante todo el a\u00f1o y en todo el mundo.<\/div><\/div><!-- .lsow-service-text --><\/div><!-- .lsow-service --><\/div><!-- .lsow-service-wrapper --><\/div><!-- .lsow-services --><div class=\"lsow-clear\"><\/div><\/div><\/div><\/div><\/div><\/div><\/div>","protected":false},"excerpt":{"rendered":"<p>NUESTROS VALORES<\/p>\n","protected":false},"author":5,"featured_media":0,"parent":0,"menu_order":0,"comment_status":"closed","ping_status":"closed","template":"templates\/template-full-notitle.php","meta":{"footnotes":""},"class_list":["post-4838","page","type-page","status-publish","post"],"yoast_head":"<!-- This site is optimized with the Yoast SEO plugin v27.3 - https:\/\/yoast.com\/product\/yoast-seo-wordpress\/ -->\n<title>Nuestros Valores | M\u00e1quinas Bloqueras y Vigueteras - Prensoland<\/title>\n<meta name=\"description\" content=\"M\u00e1s de 50 a\u00f1os dedicados a la fabricaci\u00f3n de m\u00e1quinas bloqueras y pretensados en hormig\u00f3n avalan nuestra experiencia. Prensoland es Calidad, Precio, Versatilidad, Rentabilidad y Funcionalidad.\" \/>\n<meta name=\"robots\" content=\"index, follow, max-snippet:-1, max-image-preview:large, max-video-preview:-1\" \/>\n<link rel=\"canonical\" href=\"https:\/\/www.prensoland.com\/es\/nuestros-valores\/\" \/>\n<meta property=\"og:locale\" content=\"es_ES\" \/>\n<meta property=\"og:type\" content=\"article\" \/>\n<meta property=\"og:title\" content=\"Nuestros Valores | M\u00e1quinas Bloqueras y Vigueteras - Prensoland\" \/>\n<meta property=\"og:description\" content=\"M\u00e1s de 50 a\u00f1os dedicados a la fabricaci\u00f3n de m\u00e1quinas bloqueras y pretensados en hormig\u00f3n avalan nuestra experiencia. Prensoland es Calidad, Precio, Versatilidad, Rentabilidad y Funcionalidad.\" \/>\n<meta property=\"og:url\" content=\"https:\/\/www.prensoland.com\/es\/nuestros-valores\/\" \/>\n<meta property=\"og:site_name\" content=\"prensoland.com\" \/>\n<meta property=\"article:publisher\" content=\"https:\/\/www.facebook.com\/PRENSOLAND\/\" \/>\n<meta property=\"article:modified_time\" content=\"2018-09-26T11:52:07+00:00\" \/>\n<meta name=\"twitter:card\" content=\"summary_large_image\" \/>\n<meta name=\"twitter:site\" content=\"@prensoland\" \/>\n<meta name=\"twitter:label1\" content=\"Est. reading time\" \/>\n\t<meta name=\"twitter:data1\" content=\"1 minute\" \/>\n<!-- \/ Yoast SEO plugin. -->","yoast_head_json":{"title":"Nuestros Valores | M\u00e1quinas Bloqueras y Vigueteras - Prensoland","description":"M\u00e1s de 50 a\u00f1os dedicados a la fabricaci\u00f3n de m\u00e1quinas bloqueras y pretensados en hormig\u00f3n avalan nuestra experiencia. Prensoland es Calidad, Precio, Versatilidad, Rentabilidad y Funcionalidad.","robots":{"index":"index","follow":"follow","max-snippet":"max-snippet:-1","max-image-preview":"max-image-preview:large","max-video-preview":"max-video-preview:-1"},"canonical":"https:\/\/www.prensoland.com\/es\/nuestros-valores\/","og_locale":"es_ES","og_type":"article","og_title":"Nuestros Valores | M\u00e1quinas Bloqueras y Vigueteras - Prensoland","og_description":"M\u00e1s de 50 a\u00f1os dedicados a la fabricaci\u00f3n de m\u00e1quinas bloqueras y pretensados en hormig\u00f3n avalan nuestra experiencia. Prensoland es Calidad, Precio, Versatilidad, Rentabilidad y Funcionalidad.","og_url":"https:\/\/www.prensoland.com\/es\/nuestros-valores\/","og_site_name":"prensoland.com","article_publisher":"https:\/\/www.facebook.com\/PRENSOLAND\/","article_modified_time":"2018-09-26T11:52:07+00:00","twitter_card":"summary_large_image","twitter_site":"@prensoland","twitter_misc":{"Est. reading time":"1 minute"},"schema":{"@context":"https:\/\/schema.org","@graph":[{"@type":"WebPage","@id":"https:\/\/www.prensoland.com\/es\/nuestros-valores\/","url":"https:\/\/www.prensoland.com\/es\/nuestros-valores\/","name":"Nuestros Valores | M\u00e1quinas Bloqueras y Vigueteras - Prensoland","isPartOf":{"@id":"https:\/\/www.prensoland.com\/fr\/#website"},"datePublished":"2016-09-26T12:35:55+00:00","dateModified":"2018-09-26T11:52:07+00:00","description":"M\u00e1s de 50 a\u00f1os dedicados a la fabricaci\u00f3n de m\u00e1quinas bloqueras y pretensados en hormig\u00f3n avalan nuestra experiencia. Prensoland es Calidad, Precio, Versatilidad, Rentabilidad y Funcionalidad.","breadcrumb":{"@id":"https:\/\/www.prensoland.com\/es\/nuestros-valores\/#breadcrumb"},"inLanguage":"es","potentialAction":[{"@type":"ReadAction","target":["https:\/\/www.prensoland.com\/es\/nuestros-valores\/"]}]},{"@type":"BreadcrumbList","@id":"https:\/\/www.prensoland.com\/es\/nuestros-valores\/#breadcrumb","itemListElement":[{"@type":"ListItem","position":1,"name":"Prensoland","item":"https:\/\/www.prensoland.com\/es\/"},{"@type":"ListItem","position":2,"name":"Nuestros valores"}]},{"@type":"WebSite","@id":"https:\/\/www.prensoland.com\/fr\/#website","url":"https:\/\/www.prensoland.com\/fr\/","name":"prensoland.com","description":"","publisher":{"@id":"https:\/\/www.prensoland.com\/fr\/#organization"},"potentialAction":[{"@type":"SearchAction","target":{"@type":"EntryPoint","urlTemplate":"https:\/\/www.prensoland.com\/fr\/?s={search_term_string}"},"query-input":{"@type":"PropertyValueSpecification","valueRequired":true,"valueName":"search_term_string"}}],"inLanguage":"es"},{"@type":"Organization","@id":"https:\/\/www.prensoland.com\/fr\/#organization","name":"Prensoland","url":"https:\/\/www.prensoland.com\/fr\/","logo":{"@type":"ImageObject","inLanguage":"es","@id":"https:\/\/www.prensoland.com\/fr\/#\/schema\/logo\/image\/","url":"https:\/\/www.prensoland.com\/wp-content\/uploads\/2016\/11\/prensoland-logo.png","contentUrl":"https:\/\/www.prensoland.com\/wp-content\/uploads\/2016\/11\/prensoland-logo.png","width":129,"height":125,"caption":"Prensoland"},"image":{"@id":"https:\/\/www.prensoland.com\/fr\/#\/schema\/logo\/image\/"},"sameAs":["https:\/\/www.facebook.com\/PRENSOLAND\/","https:\/\/x.com\/prensoland","https:\/\/www.linkedin.com\/company\/2341896","https:\/\/es.pinterest.com\/prensoland\/","https:\/\/www.youtube.com\/user\/PRENSOLAND"]}]}},"_links":{"self":[{"href":"https:\/\/www.prensoland.com\/es\/wp-json\/wp\/v2\/pages\/4838","targetHints":{"allow":["GET"]}}],"collection":[{"href":"https:\/\/www.prensoland.com\/es\/wp-json\/wp\/v2\/pages"}],"about":[{"href":"https:\/\/www.prensoland.com\/es\/wp-json\/wp\/v2\/types\/page"}],"author":[{"embeddable":true,"href":"https:\/\/www.prensoland.com\/es\/wp-json\/wp\/v2\/users\/5"}],"replies":[{"embeddable":true,"href":"https:\/\/www.prensoland.com\/es\/wp-json\/wp\/v2\/comments?post=4838"}],"version-history":[{"count":5,"href":"https:\/\/www.prensoland.com\/es\/wp-json\/wp\/v2\/pages\/4838\/revisions"}],"predecessor-version":[{"id":10922,"href":"https:\/\/www.prensoland.com\/es\/wp-json\/wp\/v2\/pages\/4838\/revisions\/10922"}],"wp:attachment":[{"href":"https:\/\/www.prensoland.com\/es\/wp-json\/wp\/v2\/media?parent=4838"}],"curies":[{"name":"wp","href":"https:\/\/api.w.org\/{rel}","templated":true}]}}