{"id":6116,"date":"2017-05-30T11:44:28","date_gmt":"2017-05-30T09:44:28","guid":{"rendered":"https:\/\/www.prensoland.com\/?page_id=6116\/"},"modified":"2019-10-21T18:32:12","modified_gmt":"2019-10-21T16:32:12","slug":"evolucion-tensyland","status":"publish","type":"page","link":"https:\/\/www.prensoland.com\/es\/evolucion-tensyland\/","title":{"rendered":"EVOLUCI\u00d3N TENSYLAND"},"content":{"rendered":"<div id=\"pl-6116\"  class=\"panel-layout\" ><div id=\"pg-6116-0\"  class=\"panel-grid panel-has-style\" ><div class=\"panel-row-style panel-row-style-for-6116-0\" ><div id=\"pgc-6116-0-0\"  class=\"panel-grid-cell\" ><div id=\"panel-6116-0-0-0\" class=\"so-panel widget widget_sow-editor panel-first-child panel-last-child\" data-index=\"0\" ><div\n\t\t\t\n\t\t\tclass=\"so-widget-sow-editor so-widget-sow-editor-base\"\n\t\t\t\n\t\t>\n<div class=\"siteorigin-widget-tinymce textwidget\">\n\t<h1 style=\"text-align: center;\">EVOLUCI\u00d3N DE TENSYLAND<\/h1>\n<h2 style=\"text-align: center;\">1959-2017<\/h2>\n<\/div>\n<\/div><\/div><\/div><\/div><\/div><div id=\"pg-6116-1\"  class=\"panel-grid panel-has-style\" ><div class=\"lsow-row siteorigin-panels-stretch panel-row-style-full-width panel-row-style panel-row-style-for-6116-1\" style=\"background-color: #f4f4f4; \" data-stretch-type=\"full-stretched\" ><div id=\"pgc-6116-1-0\"  class=\"panel-grid-cell\" ><div id=\"panel-6116-1-0-0\" class=\"so-panel widget widget_sow-editor panel-first-child panel-last-child\" data-index=\"1\" ><div\n\t\t\t\n\t\t\tclass=\"so-widget-sow-editor so-widget-sow-editor-base\"\n\t\t\t\n\t\t>\n<div class=\"siteorigin-widget-tinymce textwidget\">\n\t<p><img loading=\"lazy\" decoding=\"async\" class=\"size-full wp-image-6097 aligncenter\" src=\"https:\/\/www.prensoland.com\/wp-content\/uploads\/timeline-tenyland-es.png\" alt=\"\" width=\"1215\" height=\"668\" srcset=\"https:\/\/www.prensoland.com\/wp-content\/uploads\/timeline-tenyland-es.png 1215w, https:\/\/www.prensoland.com\/wp-content\/uploads\/timeline-tenyland-es-125x69.png 125w, https:\/\/www.prensoland.com\/wp-content\/uploads\/timeline-tenyland-es-150x82.png 150w, https:\/\/www.prensoland.com\/wp-content\/uploads\/timeline-tenyland-es-900x495.png 900w\" sizes=\"auto, (max-width: 1215px) 100vw, 1215px\" \/><\/p>\n<\/div>\n<\/div><\/div><\/div><\/div><\/div><div id=\"pg-6116-2\"  class=\"panel-grid panel-has-style\" ><div class=\"lsow-row siteorigin-panels-stretch panel-row-style-full-width panel-row-style panel-row-style-for-6116-2\" style=\"background-color: #f4f4f4; \" data-stretch-type=\"full-stretched\" ><div id=\"pgc-6116-2-0\"  class=\"panel-grid-cell\" ><div id=\"panel-6116-2-0-0\" class=\"so-panel widget widget_sow-button panel-first-child panel-last-child\" data-index=\"2\" ><div\n\t\t\t\n\t\t\tclass=\"so-widget-sow-button so-widget-sow-button-flat-20aa0d8f7d54-6116\"\n\t\t\t\n\t\t><div class=\"ow-button-base ow-button-align-center\"\n>\n\t\t\t<a\n\t\t\t\t\thref=\"https:\/\/www.prensoland.com\/wp-content\/uploads\/timeline-tensyland-es.pdf\"\n\t\t\t\t\tclass=\"sowb-button ow-icon-placement-left ow-button-hover\" \t>\n\t\t<span>\n\t\t\t<span class=\"sow-icon-fontawesome sow-far\" data-sow-icon=\"&#xf1c1;\"\n\t\tstyle=\"color: #ffffff\" \n\t\taria-hidden=\"true\"><\/span>\n\t\t\tDESCARGAR LA EVOLUCI\u00d3N DE TENSYLAND\t\t<\/span>\n\t\t\t<\/a>\n\t<\/div>\n<\/div><\/div><\/div><\/div><\/div><\/div>","protected":false},"excerpt":{"rendered":"<p>EVOLUCI\u00d3N DE TENSYLAND 1959-2017<\/p>\n","protected":false},"author":5,"featured_media":0,"parent":0,"menu_order":0,"comment_status":"closed","ping_status":"closed","template":"templates\/template-full-notitle.php","meta":{"footnotes":""},"class_list":["post-6116","page","type-page","status-publish","post"],"yoast_head":"<!-- This site is optimized with the Yoast SEO plugin v27.3 - https:\/\/yoast.com\/product\/yoast-seo-wordpress\/ -->\n<title>Evoluci\u00f3n Tensyland | M\u00e1quinas vigueteras para pretensados de hormig\u00f3n<\/title>\n<meta name=\"description\" content=\"Evoluci\u00f3n de la m\u00e1quina Tensyland. Prensoland, l\u00edderes del mercado del prefabricado desde 1959. Prensoland, tecnolog\u00eda flowforming.\" \/>\n<meta name=\"robots\" content=\"index, follow, max-snippet:-1, max-image-preview:large, max-video-preview:-1\" \/>\n<link rel=\"canonical\" href=\"https:\/\/www.prensoland.com\/es\/evolucion-tensyland\/\" \/>\n<meta property=\"og:locale\" content=\"es_ES\" \/>\n<meta property=\"og:type\" content=\"article\" \/>\n<meta property=\"og:title\" content=\"Evoluci\u00f3n Tensyland | M\u00e1quinas vigueteras para pretensados de hormig\u00f3n\" \/>\n<meta property=\"og:description\" content=\"Evoluci\u00f3n de la m\u00e1quina Tensyland. Prensoland, l\u00edderes del mercado del prefabricado desde 1959. Prensoland, tecnolog\u00eda flowforming.\" \/>\n<meta property=\"og:url\" content=\"https:\/\/www.prensoland.com\/es\/evolucion-tensyland\/\" \/>\n<meta property=\"og:site_name\" content=\"prensoland.com\" \/>\n<meta property=\"article:publisher\" content=\"https:\/\/www.facebook.com\/PRENSOLAND\/\" \/>\n<meta property=\"article:modified_time\" content=\"2019-10-21T16:32:12+00:00\" \/>\n<meta property=\"og:image\" content=\"https:\/\/www.prensoland.com\/wp-content\/uploads\/timeline-tenyland-es.png\" \/>\n<meta name=\"twitter:card\" content=\"summary_large_image\" \/>\n<meta name=\"twitter:site\" content=\"@prensoland\" \/>\n<!-- \/ Yoast SEO plugin. -->","yoast_head_json":{"title":"Evoluci\u00f3n Tensyland | M\u00e1quinas vigueteras para pretensados de hormig\u00f3n","description":"Evoluci\u00f3n de la m\u00e1quina Tensyland. Prensoland, l\u00edderes del mercado del prefabricado desde 1959. Prensoland, tecnolog\u00eda flowforming.","robots":{"index":"index","follow":"follow","max-snippet":"max-snippet:-1","max-image-preview":"max-image-preview:large","max-video-preview":"max-video-preview:-1"},"canonical":"https:\/\/www.prensoland.com\/es\/evolucion-tensyland\/","og_locale":"es_ES","og_type":"article","og_title":"Evoluci\u00f3n Tensyland | M\u00e1quinas vigueteras para pretensados de hormig\u00f3n","og_description":"Evoluci\u00f3n de la m\u00e1quina Tensyland. Prensoland, l\u00edderes del mercado del prefabricado desde 1959. Prensoland, tecnolog\u00eda flowforming.","og_url":"https:\/\/www.prensoland.com\/es\/evolucion-tensyland\/","og_site_name":"prensoland.com","article_publisher":"https:\/\/www.facebook.com\/PRENSOLAND\/","article_modified_time":"2019-10-21T16:32:12+00:00","og_image":[{"url":"https:\/\/www.prensoland.com\/wp-content\/uploads\/timeline-tenyland-es.png","type":"","width":"","height":""}],"twitter_card":"summary_large_image","twitter_site":"@prensoland","schema":{"@context":"https:\/\/schema.org","@graph":[{"@type":"WebPage","@id":"https:\/\/www.prensoland.com\/es\/evolucion-tensyland\/","url":"https:\/\/www.prensoland.com\/es\/evolucion-tensyland\/","name":"Evoluci\u00f3n Tensyland | M\u00e1quinas vigueteras para pretensados de hormig\u00f3n","isPartOf":{"@id":"https:\/\/www.prensoland.com\/fr\/#website"},"primaryImageOfPage":{"@id":"https:\/\/www.prensoland.com\/es\/evolucion-tensyland\/#primaryimage"},"image":{"@id":"https:\/\/www.prensoland.com\/es\/evolucion-tensyland\/#primaryimage"},"thumbnailUrl":"https:\/\/www.prensoland.com\/wp-content\/uploads\/timeline-tenyland-es.png","datePublished":"2017-05-30T09:44:28+00:00","dateModified":"2019-10-21T16:32:12+00:00","description":"Evoluci\u00f3n de la m\u00e1quina Tensyland. Prensoland, l\u00edderes del mercado del prefabricado desde 1959. Prensoland, tecnolog\u00eda flowforming.","breadcrumb":{"@id":"https:\/\/www.prensoland.com\/es\/evolucion-tensyland\/#breadcrumb"},"inLanguage":"es","potentialAction":[{"@type":"ReadAction","target":["https:\/\/www.prensoland.com\/es\/evolucion-tensyland\/"]}]},{"@type":"ImageObject","inLanguage":"es","@id":"https:\/\/www.prensoland.com\/es\/evolucion-tensyland\/#primaryimage","url":"https:\/\/www.prensoland.com\/wp-content\/uploads\/timeline-tenyland-es.png","contentUrl":"https:\/\/www.prensoland.com\/wp-content\/uploads\/timeline-tenyland-es.png"},{"@type":"BreadcrumbList","@id":"https:\/\/www.prensoland.com\/es\/evolucion-tensyland\/#breadcrumb","itemListElement":[{"@type":"ListItem","position":1,"name":"Prensoland","item":"https:\/\/www.prensoland.com\/es\/"},{"@type":"ListItem","position":2,"name":"EVOLUCI\u00d3N TENSYLAND"}]},{"@type":"WebSite","@id":"https:\/\/www.prensoland.com\/fr\/#website","url":"https:\/\/www.prensoland.com\/fr\/","name":"prensoland.com","description":"","publisher":{"@id":"https:\/\/www.prensoland.com\/fr\/#organization"},"potentialAction":[{"@type":"SearchAction","target":{"@type":"EntryPoint","urlTemplate":"https:\/\/www.prensoland.com\/fr\/?s={search_term_string}"},"query-input":{"@type":"PropertyValueSpecification","valueRequired":true,"valueName":"search_term_string"}}],"inLanguage":"es"},{"@type":"Organization","@id":"https:\/\/www.prensoland.com\/fr\/#organization","name":"Prensoland","url":"https:\/\/www.prensoland.com\/fr\/","logo":{"@type":"ImageObject","inLanguage":"es","@id":"https:\/\/www.prensoland.com\/fr\/#\/schema\/logo\/image\/","url":"https:\/\/www.prensoland.com\/wp-content\/uploads\/2016\/11\/prensoland-logo.png","contentUrl":"https:\/\/www.prensoland.com\/wp-content\/uploads\/2016\/11\/prensoland-logo.png","width":129,"height":125,"caption":"Prensoland"},"image":{"@id":"https:\/\/www.prensoland.com\/fr\/#\/schema\/logo\/image\/"},"sameAs":["https:\/\/www.facebook.com\/PRENSOLAND\/","https:\/\/x.com\/prensoland","https:\/\/www.linkedin.com\/company\/2341896","https:\/\/es.pinterest.com\/prensoland\/","https:\/\/www.youtube.com\/user\/PRENSOLAND"]}]}},"_links":{"self":[{"href":"https:\/\/www.prensoland.com\/es\/wp-json\/wp\/v2\/pages\/6116","targetHints":{"allow":["GET"]}}],"collection":[{"href":"https:\/\/www.prensoland.com\/es\/wp-json\/wp\/v2\/pages"}],"about":[{"href":"https:\/\/www.prensoland.com\/es\/wp-json\/wp\/v2\/types\/page"}],"author":[{"embeddable":true,"href":"https:\/\/www.prensoland.com\/es\/wp-json\/wp\/v2\/users\/5"}],"replies":[{"embeddable":true,"href":"https:\/\/www.prensoland.com\/es\/wp-json\/wp\/v2\/comments?post=6116"}],"version-history":[{"count":6,"href":"https:\/\/www.prensoland.com\/es\/wp-json\/wp\/v2\/pages\/6116\/revisions"}],"predecessor-version":[{"id":58843,"href":"https:\/\/www.prensoland.com\/es\/wp-json\/wp\/v2\/pages\/6116\/revisions\/58843"}],"wp:attachment":[{"href":"https:\/\/www.prensoland.com\/es\/wp-json\/wp\/v2\/media?parent=6116"}],"curies":[{"name":"wp","href":"https:\/\/api.w.org\/{rel}","templated":true}]}}