{"id":2954,"date":"2015-10-22T14:11:22","date_gmt":"2015-10-22T14:11:22","guid":{"rendered":"https:\/\/www.prensoland.com\/fr\/export\/"},"modified":"2019-10-23T10:03:15","modified_gmt":"2019-10-23T08:03:15","slug":"exportation","status":"publish","type":"page","link":"https:\/\/www.prensoland.com\/fr\/exportation\/","title":{"rendered":"EXPORTATION"},"content":{"rendered":"<div id=\"pl-2954\"  class=\"panel-layout\" ><div id=\"pg-2954-0\"  class=\"panel-grid panel-has-style\" ><div class=\"siteorigin-panels-stretch panel-row-style-full-width panel-row-style panel-row-style-for-2954-0\" data-stretch-type=\"full\" ><div id=\"pgc-2954-0-0\"  class=\"panel-grid-cell\" ><div id=\"panel-2954-0-0-0\" class=\"so-panel widget widget_black-studio-tinymce widget_black_studio_tinymce panel-first-child panel-last-child\" data-index=\"0\" ><div class=\"textwidget\"><h1 style=\"text-align: center;\"><span style=\"color: #ffffff;\">EXPORTATION<\/span><\/h1>\n<h3 style=\"text-align: center;\"><span style=\"color: #ffffff;\"><strong>Nous exportons nos machines en b\u00e9ton autour du monde<\/strong><\/span><\/h3>\n<\/div><\/div><\/div><\/div><\/div><div id=\"pg-2954-1\"  class=\"panel-grid panel-has-style\" ><div class=\"siteorigin-panels-stretch panel-row-style-full-width panel-row-style panel-row-style-for-2954-1\" data-stretch-type=\"full\" ><div id=\"pgc-2954-1-0\"  class=\"panel-grid-cell\" ><div id=\"panel-2954-1-0-0\" class=\"so-panel widget widget_black-studio-tinymce widget_black_studio_tinymce panel-first-child panel-last-child\" data-index=\"1\" ><div class=\"textwidget\"><h2 style=\"font-size: 2.2em; font-weight: 700; line-height: 36px;\">Plus de 3.800 machines<br \/>\nvendues dans le monde<\/h2>\n<\/div><\/div><\/div><div id=\"pgc-2954-1-1\"  class=\"panel-grid-cell panel-grid-cell-empty\" ><\/div><div id=\"pgc-2954-1-2\"  class=\"panel-grid-cell\" ><div id=\"panel-2954-1-2-0\" class=\"so-panel widget widget_black-studio-tinymce widget_black_studio_tinymce panel-first-child panel-last-child\" data-index=\"2\" ><div class=\"textwidget\"><p>Depuis sa fondation, Prensoland a toujours ressenti une vocation d\u2019entreprise exportatrice, en analysant les besoins sp\u00e9cifiques de chaque zone g\u00e9ographique et en mettant au point des machines adapt\u00e9es aux diff\u00e9rents types de produits \u00e0 fabriquer ainsi qu\u2019aux diff\u00e9rents volumes de production requis.<\/p>\n<p>Nous participons aux salons les plus importants du secteur, en Espagne comme \u00e0 l\u2019\u00e9tranger, afin d\u2019y pr\u00e9senter les nouveaut\u00e9s technologiques et les derni\u00e8res tendances du march\u00e9.<\/p>\n<p>C\u2019est pour cela que nous sommes pr\u00e9sents dans plus de 48 pays sur les 5 continents et que nous maintenons nos efforts afin d\u2019augmenter notre\u00a0pr\u00e9sence dans le monde.<\/p>\n<p>Notre exp\u00e9rience et notre recherche continue, nous permettent de garantir dans tous les projets, l\u2019application de la solution, en machine ou installation, la mieux adapt\u00e9e \u00e0 chaque client.<\/p>\n<\/div><\/div><\/div><\/div><\/div><div id=\"pg-2954-2\"  class=\"panel-grid panel-has-style\" ><div class=\"siteorigin-panels-stretch panel-row-style-full-width panel-row-style panel-row-style-for-2954-2\" style=\"background-color: #efefef; \" data-stretch-type=\"full\" ><div id=\"pgc-2954-2-0\"  class=\"panel-grid-cell\" ><div id=\"panel-2954-2-0-0\" class=\"so-panel widget widget_black-studio-tinymce widget_black_studio_tinymce panel-first-child\" data-index=\"3\" ><div class=\"panel-widget-style panel-widget-style-for-2954-2-0-0\" ><div class=\"textwidget\"><h3 style=\"text-align: center;\">Les pays o\u00f9 nous exportons machines en b\u00e9ton:<\/h3>\n<\/div><\/div><\/div><div id=\"panel-2954-2-0-1\" class=\"so-panel widget widget_black-studio-tinymce widget_black_studio_tinymce panel-last-child\" data-index=\"4\" ><div class=\"textwidget\"><p><div class='iwm_map_canvas'><div id='map_canvas_1' class='i_world_map ' class='iwm_map_canvas'><div class='iwm_placeholder'><img width='32px' src='https:\/\/www.prensoland.com\/wp-content\/plugins\/interactive-world-maps\/imgs\/placeholder.png'><br>export<\/div><\/div><\/div><\/p>\n<\/div><\/div><\/div><\/div><\/div><\/div>","protected":false},"excerpt":{"rendered":"<p>EXPORTATION Nous exportons nos machines en b\u00e9ton autour du monde<\/p>\n","protected":false},"author":5,"featured_media":0,"parent":0,"menu_order":0,"comment_status":"closed","ping_status":"closed","template":"templates\/template-full-notitle.php","meta":{"footnotes":""},"class_list":["post-2954","page","type-page","status-publish","post"],"yoast_head":"<!-- This site is optimized with the Yoast SEO plugin v27.3 - https:\/\/yoast.com\/product\/yoast-seo-wordpress\/ -->\n<title>Exportation | Machines \u00e0 blocks et Machines \u00e0 poutrelles<\/title>\n<meta name=\"description\" content=\"Exportation de nos machines pour fabrication de pr\u00e9fabriqu\u00e9s en b\u00e9ton dans le monde entier. Plus de 3.800 machines vendues dans plus de 48 pays. Prensoland.\" \/>\n<meta name=\"robots\" content=\"index, follow, max-snippet:-1, max-image-preview:large, max-video-preview:-1\" \/>\n<link rel=\"canonical\" href=\"https:\/\/www.prensoland.com\/fr\/exportation\/\" \/>\n<meta property=\"og:locale\" content=\"fr_FR\" \/>\n<meta property=\"og:type\" content=\"article\" \/>\n<meta property=\"og:title\" content=\"Exportation | Machines \u00e0 blocks et Machines \u00e0 poutrelles\" \/>\n<meta property=\"og:description\" content=\"Exportation de nos machines pour fabrication de pr\u00e9fabriqu\u00e9s en b\u00e9ton dans le monde entier. Plus de 3.800 machines vendues dans plus de 48 pays. Prensoland.\" \/>\n<meta property=\"og:url\" content=\"https:\/\/www.prensoland.com\/fr\/exportation\/\" \/>\n<meta property=\"og:site_name\" content=\"prensoland.com\" \/>\n<meta property=\"article:publisher\" content=\"https:\/\/www.facebook.com\/PRENSOLAND\/\" \/>\n<meta property=\"article:modified_time\" content=\"2019-10-23T08:03:15+00:00\" \/>\n<meta property=\"og:image\" content=\"https:\/\/www.prensoland.com\/wp-content\/plugins\/interactive-world-maps\/imgs\/placeholder.png\" \/>\n<meta name=\"twitter:card\" content=\"summary_large_image\" \/>\n<meta name=\"twitter:site\" content=\"@prensoland\" \/>\n<meta name=\"twitter:label1\" content=\"Est. reading time\" \/>\n\t<meta name=\"twitter:data1\" content=\"1 minute\" \/>\n<!-- \/ Yoast SEO plugin. -->","yoast_head_json":{"title":"Exportation | Machines \u00e0 blocks et Machines \u00e0 poutrelles","description":"Exportation de nos machines pour fabrication de pr\u00e9fabriqu\u00e9s en b\u00e9ton dans le monde entier. Plus de 3.800 machines vendues dans plus de 48 pays. Prensoland.","robots":{"index":"index","follow":"follow","max-snippet":"max-snippet:-1","max-image-preview":"max-image-preview:large","max-video-preview":"max-video-preview:-1"},"canonical":"https:\/\/www.prensoland.com\/fr\/exportation\/","og_locale":"fr_FR","og_type":"article","og_title":"Exportation | Machines \u00e0 blocks et Machines \u00e0 poutrelles","og_description":"Exportation de nos machines pour fabrication de pr\u00e9fabriqu\u00e9s en b\u00e9ton dans le monde entier. Plus de 3.800 machines vendues dans plus de 48 pays. Prensoland.","og_url":"https:\/\/www.prensoland.com\/fr\/exportation\/","og_site_name":"prensoland.com","article_publisher":"https:\/\/www.facebook.com\/PRENSOLAND\/","article_modified_time":"2019-10-23T08:03:15+00:00","og_image":[{"url":"https:\/\/www.prensoland.com\/wp-content\/plugins\/interactive-world-maps\/imgs\/placeholder.png","type":"","width":"","height":""}],"twitter_card":"summary_large_image","twitter_site":"@prensoland","twitter_misc":{"Est. reading time":"1 minute"},"schema":{"@context":"https:\/\/schema.org","@graph":[{"@type":"WebPage","@id":"https:\/\/www.prensoland.com\/fr\/exportation\/","url":"https:\/\/www.prensoland.com\/fr\/exportation\/","name":"Exportation | Machines \u00e0 blocks et Machines \u00e0 poutrelles","isPartOf":{"@id":"https:\/\/www.prensoland.com\/fr\/#website"},"primaryImageOfPage":{"@id":"https:\/\/www.prensoland.com\/fr\/exportation\/#primaryimage"},"image":{"@id":"https:\/\/www.prensoland.com\/fr\/exportation\/#primaryimage"},"thumbnailUrl":"https:\/\/www.prensoland.com\/wp-content\/plugins\/interactive-world-maps\/imgs\/placeholder.png","datePublished":"2015-10-22T14:11:22+00:00","dateModified":"2019-10-23T08:03:15+00:00","description":"Exportation de nos machines pour fabrication de pr\u00e9fabriqu\u00e9s en b\u00e9ton dans le monde entier. Plus de 3.800 machines vendues dans plus de 48 pays. Prensoland.","breadcrumb":{"@id":"https:\/\/www.prensoland.com\/fr\/exportation\/#breadcrumb"},"inLanguage":"fr","potentialAction":[{"@type":"ReadAction","target":["https:\/\/www.prensoland.com\/fr\/exportation\/"]}]},{"@type":"ImageObject","inLanguage":"fr","@id":"https:\/\/www.prensoland.com\/fr\/exportation\/#primaryimage","url":"https:\/\/www.prensoland.com\/wp-content\/plugins\/interactive-world-maps\/imgs\/placeholder.png","contentUrl":"https:\/\/www.prensoland.com\/wp-content\/plugins\/interactive-world-maps\/imgs\/placeholder.png"},{"@type":"BreadcrumbList","@id":"https:\/\/www.prensoland.com\/fr\/exportation\/#breadcrumb","itemListElement":[{"@type":"ListItem","position":1,"name":"Prensoland","item":"https:\/\/www.prensoland.com\/fr\/"},{"@type":"ListItem","position":2,"name":"EXPORTATION"}]},{"@type":"WebSite","@id":"https:\/\/www.prensoland.com\/fr\/#website","url":"https:\/\/www.prensoland.com\/fr\/","name":"prensoland.com","description":"","publisher":{"@id":"https:\/\/www.prensoland.com\/fr\/#organization"},"potentialAction":[{"@type":"SearchAction","target":{"@type":"EntryPoint","urlTemplate":"https:\/\/www.prensoland.com\/fr\/?s={search_term_string}"},"query-input":{"@type":"PropertyValueSpecification","valueRequired":true,"valueName":"search_term_string"}}],"inLanguage":"fr"},{"@type":"Organization","@id":"https:\/\/www.prensoland.com\/fr\/#organization","name":"Prensoland","url":"https:\/\/www.prensoland.com\/fr\/","logo":{"@type":"ImageObject","inLanguage":"fr","@id":"https:\/\/www.prensoland.com\/fr\/#\/schema\/logo\/image\/","url":"https:\/\/www.prensoland.com\/wp-content\/uploads\/2016\/11\/prensoland-logo.png","contentUrl":"https:\/\/www.prensoland.com\/wp-content\/uploads\/2016\/11\/prensoland-logo.png","width":129,"height":125,"caption":"Prensoland"},"image":{"@id":"https:\/\/www.prensoland.com\/fr\/#\/schema\/logo\/image\/"},"sameAs":["https:\/\/www.facebook.com\/PRENSOLAND\/","https:\/\/x.com\/prensoland","https:\/\/www.linkedin.com\/company\/2341896","https:\/\/es.pinterest.com\/prensoland\/","https:\/\/www.youtube.com\/user\/PRENSOLAND"]}]}},"_links":{"self":[{"href":"https:\/\/www.prensoland.com\/fr\/wp-json\/wp\/v2\/pages\/2954","targetHints":{"allow":["GET"]}}],"collection":[{"href":"https:\/\/www.prensoland.com\/fr\/wp-json\/wp\/v2\/pages"}],"about":[{"href":"https:\/\/www.prensoland.com\/fr\/wp-json\/wp\/v2\/types\/page"}],"author":[{"embeddable":true,"href":"https:\/\/www.prensoland.com\/fr\/wp-json\/wp\/v2\/users\/5"}],"replies":[{"embeddable":true,"href":"https:\/\/www.prensoland.com\/fr\/wp-json\/wp\/v2\/comments?post=2954"}],"version-history":[{"count":26,"href":"https:\/\/www.prensoland.com\/fr\/wp-json\/wp\/v2\/pages\/2954\/revisions"}],"predecessor-version":[{"id":59567,"href":"https:\/\/www.prensoland.com\/fr\/wp-json\/wp\/v2\/pages\/2954\/revisions\/59567"}],"wp:attachment":[{"href":"https:\/\/www.prensoland.com\/fr\/wp-json\/wp\/v2\/media?parent=2954"}],"curies":[{"name":"wp","href":"https:\/\/api.w.org\/{rel}","templated":true}]}}