{"id":2955,"date":"2015-10-22T11:02:37","date_gmt":"2015-10-22T11:02:37","guid":{"rendered":"https:\/\/www.prensoland.com\/fr\/prensoland\/"},"modified":"2019-10-23T17:36:35","modified_gmt":"2019-10-23T15:36:35","slug":"prensoland","status":"publish","type":"page","link":"https:\/\/www.prensoland.com\/fr\/prensoland\/","title":{"rendered":"PRENSOLAND"},"content":{"rendered":"<div id=\"pl-2955\"  class=\"panel-layout\" ><div id=\"pg-2955-0\"  class=\"panel-grid panel-has-style\" ><div class=\"lsow-dark-bg siteorigin-panels-stretch panel-row-style-full-width panel-row-style panel-row-style-for-2955-0\" data-stretch-type=\"full\" ><div id=\"pgc-2955-0-0\"  class=\"panel-grid-cell\" ><div id=\"panel-2955-0-0-0\" class=\"so-panel widget widget_sow-editor panel-first-child panel-last-child\" data-index=\"0\" ><div\n\t\t\t\n\t\t\tclass=\"so-widget-sow-editor so-widget-sow-editor-base\"\n\t\t\t\n\t\t>\n<div class=\"siteorigin-widget-tinymce textwidget\">\n\t<h1 style=\"text-align: center;\"><span style=\"color: #ffffff;\">PRENSOLAND<\/span><\/h1>\n<h2 style=\"text-align: center;\"><span style=\"color: #ffffff;\"><strong>Nous profilons vos id\u00e9es<\/strong><\/span><\/h2>\n<\/div>\n<\/div><\/div><\/div><\/div><\/div><div id=\"pg-2955-1\"  class=\"panel-grid panel-has-style\" ><div class=\"siteorigin-panels-stretch panel-row-style-full-width panel-row-style panel-row-style-for-2955-1\" data-stretch-type=\"full\" ><div id=\"pgc-2955-1-0\"  class=\"panel-grid-cell\" ><div id=\"panel-2955-1-0-0\" class=\"so-panel widget widget_sow-editor panel-first-child panel-last-child\" data-index=\"1\" ><div\n\t\t\t\n\t\t\tclass=\"so-widget-sow-editor so-widget-sow-editor-base\"\n\t\t\t\n\t\t>\n<div class=\"siteorigin-widget-tinymce textwidget\">\n\t<h3>Machines de blocs en b\u00e9ton<\/h3>\n<h3>Machines pour fabriquer poutrelles et dalles pr\u00e9contraintes en b\u00e9ton<\/h3>\n<\/div>\n<\/div><\/div><\/div><div id=\"pgc-2955-1-1\"  class=\"panel-grid-cell\" ><div id=\"panel-2955-1-1-0\" class=\"so-panel widget widget_sow-editor panel-first-child\" data-index=\"2\" ><div\n\t\t\t\n\t\t\tclass=\"so-widget-sow-editor so-widget-sow-editor-base\"\n\t\t\t\n\t\t>\n<div class=\"siteorigin-widget-tinymce textwidget\">\n\t<p>Depuis 60 ans, PRENSOLAND consacre tous ses efforts \u00e0 la construction de machines et de syst\u00e8mes industriels destin\u00e9s exclusivement \u00e0 la fabrication d'\u00e9l\u00e9ments en b\u00e9ton vibro press\u00e9s, comme les parpaings, entrevous, ou pav\u00e9s, ou pr\u00e9contraints, comme les poutrelles, dalles alv\u00e9ol\u00e9es, super dalles, ... <\/p>\n<p>Plus de 1.000 clients, r\u00e9partis dans le monde entier, appr\u00e9cient chaque jour leur construction robuste et facilit\u00e9 d'utilisation, ainsi que leur versatilit\u00e9 et rentabilit\u00e9. Avec le temps, Prensoland a pu suivre l'\u00e9volution des march\u00e9s, et a su diversifier sa gamme de produits, tant dans la ligne de vibro presses et pondeuses COMPACTA, que dans la division de machines pour \u00e9l\u00e9ments pr\u00e9contraints TENSYLAND.<\/p>\n<p>Nos recherches continues nous permettent de concevoir des machines qui sont en tout temps \u00e0 l'avant garde des nouvelles technologies, d'anticiper les besoins de nos Clients, et de fabriquer des produits qui r\u00e9pondent aux derni\u00e8res tendances architecturales.<\/p>\n<\/div>\n<\/div><\/div><div id=\"panel-2955-1-1-1\" class=\"so-panel widget widget_sow-editor panel-last-child\" data-index=\"3\" ><div class=\"panel-widget-style panel-widget-style-for-2955-1-1-1\" ><div\n\t\t\t\n\t\t\tclass=\"so-widget-sow-editor so-widget-sow-editor-base\"\n\t\t\t\n\t\t>\n<div class=\"siteorigin-widget-tinymce textwidget\">\n\t<p><img loading=\"lazy\" decoding=\"async\" class=\"alignnone wp-image-3849\" title=\"Machines de blocs en b\u00e9ton Compacta\" src=\"https:\/\/www.prensoland.com\/wp-content\/uploads\/2015\/10\/prensoland-bauma-900x675.jpg\" alt=\"Machines de blocs en b\u00e9ton Compacta\" width=\"335\" height=\"251\" srcset=\"https:\/\/www.prensoland.com\/wp-content\/uploads\/2015\/10\/prensoland-bauma.jpg 900w, https:\/\/www.prensoland.com\/wp-content\/uploads\/2015\/10\/prensoland-bauma-125x94.jpg 125w, https:\/\/www.prensoland.com\/wp-content\/uploads\/2015\/10\/prensoland-bauma-150x113.jpg 150w\" sizes=\"auto, (max-width: 335px) 100vw, 335px\" \/><img loading=\"lazy\" decoding=\"async\" class=\"alignleft wp-image-3843\" title=\"Machines pour fabriquer poutrelles et dalles pr\u00e9contraintes en b\u00e9ton\" src=\"https:\/\/www.prensoland.com\/wp-content\/uploads\/2015\/10\/prensoland-installations-900x675.jpg\" alt=\"machines pour fabriquer poutrelles et dalles pr\u00e9contraintes en b\u00e9ton\" width=\"334\" height=\"250\" srcset=\"https:\/\/www.prensoland.com\/wp-content\/uploads\/2015\/10\/prensoland-installations.jpg 900w, https:\/\/www.prensoland.com\/wp-content\/uploads\/2015\/10\/prensoland-installations-125x94.jpg 125w, https:\/\/www.prensoland.com\/wp-content\/uploads\/2015\/10\/prensoland-installations-150x113.jpg 150w\" sizes=\"auto, (max-width: 334px) 100vw, 334px\" \/><\/p>\n<\/div>\n<\/div><\/div><\/div><\/div><\/div><\/div><div id=\"pg-2955-2\"  class=\"panel-grid panel-no-style\" ><div id=\"pgc-2955-2-0\"  class=\"panel-grid-cell panel-grid-cell-empty panel-grid-cell-mobile-last\" ><\/div><div id=\"pgc-2955-2-1\"  class=\"panel-grid-cell panel-grid-cell-empty\" ><\/div><\/div><\/div>","protected":false},"excerpt":{"rendered":"<p>PRENSOLAND Nous profilons vos id\u00e9es Machines de blocs en b\u00e9ton [&hellip;]<\/p>\n","protected":false},"author":5,"featured_media":0,"parent":0,"menu_order":0,"comment_status":"closed","ping_status":"closed","template":"templates\/template-full-notitle.php","meta":{"footnotes":""},"class_list":["post-2955","page","type-page","status-publish","post"],"yoast_head":"<!-- This site is optimized with the Yoast SEO plugin v27.3 - https:\/\/yoast.com\/product\/yoast-seo-wordpress\/ -->\n<title>Qui Sommes-nous | Machines \u00e0 Bloc B\u00e9ton et Machinerie de Poutres Pr\u00e9contraintes<\/title>\n<meta name=\"description\" content=\"Fabricants de machines \u00e0 parpaings, usines pour la fabrication de poutrelles et dalles en b\u00e9ton pr\u00e9contraint. Plus de 3.800 machines fabriqu\u00e9es depuis 1959.\" \/>\n<meta name=\"robots\" content=\"index, follow, max-snippet:-1, max-image-preview:large, max-video-preview:-1\" \/>\n<link rel=\"canonical\" href=\"https:\/\/www.prensoland.com\/fr\/prensoland\/\" \/>\n<meta property=\"og:locale\" content=\"fr_FR\" \/>\n<meta property=\"og:type\" content=\"article\" \/>\n<meta property=\"og:title\" content=\"Qui Sommes-nous | Machines \u00e0 Bloc B\u00e9ton et Machinerie de Poutres Pr\u00e9contraintes\" \/>\n<meta property=\"og:description\" content=\"Fabricants de machines \u00e0 parpaings, usines pour la fabrication de poutrelles et dalles en b\u00e9ton pr\u00e9contraint. Plus de 3.800 machines fabriqu\u00e9es depuis 1959.\" \/>\n<meta property=\"og:url\" content=\"https:\/\/www.prensoland.com\/fr\/prensoland\/\" \/>\n<meta property=\"og:site_name\" content=\"prensoland.com\" \/>\n<meta property=\"article:publisher\" content=\"https:\/\/www.facebook.com\/PRENSOLAND\/\" \/>\n<meta property=\"article:modified_time\" content=\"2019-10-23T15:36:35+00:00\" \/>\n<meta property=\"og:image\" content=\"https:\/\/www.prensoland.com\/wp-content\/uploads\/2015\/10\/prensoland-bauma-900x675.jpg\" \/>\n<meta name=\"twitter:card\" content=\"summary_large_image\" \/>\n<meta name=\"twitter:site\" content=\"@prensoland\" \/>\n<meta name=\"twitter:label1\" content=\"Est. reading time\" \/>\n\t<meta name=\"twitter:data1\" content=\"1 minute\" \/>\n<!-- \/ Yoast SEO plugin. -->","yoast_head_json":{"title":"Qui Sommes-nous | Machines \u00e0 Bloc B\u00e9ton et Machinerie de Poutres Pr\u00e9contraintes","description":"Fabricants de machines \u00e0 parpaings, usines pour la fabrication de poutrelles et dalles en b\u00e9ton pr\u00e9contraint. Plus de 3.800 machines fabriqu\u00e9es depuis 1959.","robots":{"index":"index","follow":"follow","max-snippet":"max-snippet:-1","max-image-preview":"max-image-preview:large","max-video-preview":"max-video-preview:-1"},"canonical":"https:\/\/www.prensoland.com\/fr\/prensoland\/","og_locale":"fr_FR","og_type":"article","og_title":"Qui Sommes-nous | Machines \u00e0 Bloc B\u00e9ton et Machinerie de Poutres Pr\u00e9contraintes","og_description":"Fabricants de machines \u00e0 parpaings, usines pour la fabrication de poutrelles et dalles en b\u00e9ton pr\u00e9contraint. Plus de 3.800 machines fabriqu\u00e9es depuis 1959.","og_url":"https:\/\/www.prensoland.com\/fr\/prensoland\/","og_site_name":"prensoland.com","article_publisher":"https:\/\/www.facebook.com\/PRENSOLAND\/","article_modified_time":"2019-10-23T15:36:35+00:00","og_image":[{"url":"https:\/\/www.prensoland.com\/wp-content\/uploads\/2015\/10\/prensoland-bauma-900x675.jpg","type":"","width":"","height":""}],"twitter_card":"summary_large_image","twitter_site":"@prensoland","twitter_misc":{"Est. reading time":"1 minute"},"schema":{"@context":"https:\/\/schema.org","@graph":[{"@type":"WebPage","@id":"https:\/\/www.prensoland.com\/fr\/prensoland\/","url":"https:\/\/www.prensoland.com\/fr\/prensoland\/","name":"Qui Sommes-nous | Machines \u00e0 Bloc B\u00e9ton et Machinerie de Poutres Pr\u00e9contraintes","isPartOf":{"@id":"https:\/\/www.prensoland.com\/fr\/#website"},"primaryImageOfPage":{"@id":"https:\/\/www.prensoland.com\/fr\/prensoland\/#primaryimage"},"image":{"@id":"https:\/\/www.prensoland.com\/fr\/prensoland\/#primaryimage"},"thumbnailUrl":"https:\/\/www.prensoland.com\/wp-content\/uploads\/2015\/10\/prensoland-bauma-900x675.jpg","datePublished":"2015-10-22T11:02:37+00:00","dateModified":"2019-10-23T15:36:35+00:00","description":"Fabricants de machines \u00e0 parpaings, usines pour la fabrication de poutrelles et dalles en b\u00e9ton pr\u00e9contraint. Plus de 3.800 machines fabriqu\u00e9es depuis 1959.","breadcrumb":{"@id":"https:\/\/www.prensoland.com\/fr\/prensoland\/#breadcrumb"},"inLanguage":"fr","potentialAction":[{"@type":"ReadAction","target":["https:\/\/www.prensoland.com\/fr\/prensoland\/"]}]},{"@type":"ImageObject","inLanguage":"fr","@id":"https:\/\/www.prensoland.com\/fr\/prensoland\/#primaryimage","url":"https:\/\/www.prensoland.com\/wp-content\/uploads\/2015\/10\/prensoland-bauma-900x675.jpg","contentUrl":"https:\/\/www.prensoland.com\/wp-content\/uploads\/2015\/10\/prensoland-bauma-900x675.jpg"},{"@type":"BreadcrumbList","@id":"https:\/\/www.prensoland.com\/fr\/prensoland\/#breadcrumb","itemListElement":[{"@type":"ListItem","position":1,"name":"Prensoland","item":"https:\/\/www.prensoland.com\/fr\/"},{"@type":"ListItem","position":2,"name":"PRENSOLAND"}]},{"@type":"WebSite","@id":"https:\/\/www.prensoland.com\/fr\/#website","url":"https:\/\/www.prensoland.com\/fr\/","name":"prensoland.com","description":"","publisher":{"@id":"https:\/\/www.prensoland.com\/fr\/#organization"},"potentialAction":[{"@type":"SearchAction","target":{"@type":"EntryPoint","urlTemplate":"https:\/\/www.prensoland.com\/fr\/?s={search_term_string}"},"query-input":{"@type":"PropertyValueSpecification","valueRequired":true,"valueName":"search_term_string"}}],"inLanguage":"fr"},{"@type":"Organization","@id":"https:\/\/www.prensoland.com\/fr\/#organization","name":"Prensoland","url":"https:\/\/www.prensoland.com\/fr\/","logo":{"@type":"ImageObject","inLanguage":"fr","@id":"https:\/\/www.prensoland.com\/fr\/#\/schema\/logo\/image\/","url":"https:\/\/www.prensoland.com\/wp-content\/uploads\/2016\/11\/prensoland-logo.png","contentUrl":"https:\/\/www.prensoland.com\/wp-content\/uploads\/2016\/11\/prensoland-logo.png","width":129,"height":125,"caption":"Prensoland"},"image":{"@id":"https:\/\/www.prensoland.com\/fr\/#\/schema\/logo\/image\/"},"sameAs":["https:\/\/www.facebook.com\/PRENSOLAND\/","https:\/\/x.com\/prensoland","https:\/\/www.linkedin.com\/company\/2341896","https:\/\/es.pinterest.com\/prensoland\/","https:\/\/www.youtube.com\/user\/PRENSOLAND"]}]}},"_links":{"self":[{"href":"https:\/\/www.prensoland.com\/fr\/wp-json\/wp\/v2\/pages\/2955","targetHints":{"allow":["GET"]}}],"collection":[{"href":"https:\/\/www.prensoland.com\/fr\/wp-json\/wp\/v2\/pages"}],"about":[{"href":"https:\/\/www.prensoland.com\/fr\/wp-json\/wp\/v2\/types\/page"}],"author":[{"embeddable":true,"href":"https:\/\/www.prensoland.com\/fr\/wp-json\/wp\/v2\/users\/5"}],"replies":[{"embeddable":true,"href":"https:\/\/www.prensoland.com\/fr\/wp-json\/wp\/v2\/comments?post=2955"}],"version-history":[{"count":5,"href":"https:\/\/www.prensoland.com\/fr\/wp-json\/wp\/v2\/pages\/2955\/revisions"}],"predecessor-version":[{"id":64502,"href":"https:\/\/www.prensoland.com\/fr\/wp-json\/wp\/v2\/pages\/2955\/revisions\/64502"}],"wp:attachment":[{"href":"https:\/\/www.prensoland.com\/fr\/wp-json\/wp\/v2\/media?parent=2955"}],"curies":[{"name":"wp","href":"https:\/\/api.w.org\/{rel}","templated":true}]}}