{"id":2957,"date":"2015-10-20T13:30:18","date_gmt":"2015-10-20T13:30:18","guid":{"rendered":"https:\/\/www.prensoland.com\/fr\/contact\/"},"modified":"2024-03-22T13:14:06","modified_gmt":"2024-03-22T12:14:06","slug":"emplacement","status":"publish","type":"page","link":"https:\/\/www.prensoland.com\/fr\/emplacement\/","title":{"rendered":"Emplacement"},"content":{"rendered":"<div id=\"pl-2957\"  class=\"panel-layout\" ><div id=\"pg-2957-0\"  class=\"panel-grid panel-has-style\" ><div class=\"siteorigin-panels-stretch panel-row-style-full-width panel-row-style panel-row-style-for-2957-0\" data-stretch-type=\"full-width-stretch\" ><div id=\"pgc-2957-0-0\"  class=\"panel-grid-cell\" ><div id=\"panel-2957-0-0-0\" class=\"widget_text so-panel widget widget_custom_html panel-first-child\" data-index=\"0\" ><div class=\"textwidget custom-html-widget\"><h1 style=\"text-align: center\">\n\tEmplacement\n<\/h1><\/div><\/div><div id=\"panel-2957-0-0-1\" class=\"so-panel widget widget_sow-google-map panel-last-child\" data-index=\"1\" ><div\n\t\t\t\n\t\t\tclass=\"so-widget-sow-google-map so-widget-sow-google-map-default-c343437ecf4c-2957\"\n\t\t\t\n\t\t>\n<div class=\"sow-google-map-canvas\"\n\tstyle=\"\"\n\tid=\"map-canvas-a482f00713f823074cada441d1b83b63\"\n\tdata-options=\"{&quot;address&quot;:&quot;Industria, 5-9, 08592 Sant Mart\\u00ed de Centelles, Barcelona&quot;,&quot;zoom&quot;:3,&quot;mobileZoom&quot;:3,&quot;gestureHandling&quot;:&quot;greedy&quot;,&quot;disableUi&quot;:false,&quot;markerIcon&quot;:&quot;https:\\\/\\\/www.prensoland.com\\\/wp-content\\\/uploads\\\/2015\\\/10\\\/map-point-1.png&quot;,&quot;markersDraggable&quot;:false,&quot;markerAtCenter&quot;:true,&quot;markerInfoDisplay&quot;:&quot;mouseover&quot;,&quot;markerInfoMultiple&quot;:true,&quot;markerPositions&quot;:[{&quot;place&quot;:&quot;Industria, 5-9, 08592 Sant Mart\\u00ed de Centelles, Barcelona&quot;,&quot;info&quot;:&quot;&lt;p&gt;&lt;strong&gt;Prensoland S.A&lt;\\\/strong&gt;&lt;br \\\/&gt;Industria, 5-9&lt;br \\\/&gt;08592 Sant Mart\\u00ed de Centelles&lt;br \\\/&gt;Barcelona&lt;br \\\/&gt; Spain&lt;br \\\/&gt; T. +34 93 844 01 25&lt;br \\\/&gt; &lt;a href=\\&quot;mailto:contact@prensoland.com\\&quot;&gt;contact@prensoland.com&lt;\\\/a&gt;&lt;\\\/p&gt;\\n&quot;,&quot;infoSelectedEditor&quot;:&quot;tmce&quot;,&quot;infoMaxWidth&quot;:&quot;&quot;,&quot;customMarkerIcon&quot;:0,&quot;customMarkerIconSize&quot;:&quot;&quot;}],&quot;mapName&quot;:&quot;Subtle Grayscale&quot;,&quot;mapStyles&quot;:[{&quot;featureType&quot;:&quot;landscape&quot;,&quot;stylers&quot;:[{&quot;saturation&quot;:-100},{&quot;lightness&quot;:65},{&quot;visibility&quot;:&quot;on&quot;}]},{&quot;featureType&quot;:&quot;poi&quot;,&quot;stylers&quot;:[{&quot;saturation&quot;:-100},{&quot;lightness&quot;:51},{&quot;visibility&quot;:&quot;simplified&quot;}]},{&quot;featureType&quot;:&quot;road.highway&quot;,&quot;stylers&quot;:[{&quot;saturation&quot;:-100},{&quot;visibility&quot;:&quot;simplified&quot;}]},{&quot;featureType&quot;:&quot;road.arterial&quot;,&quot;stylers&quot;:[{&quot;saturation&quot;:-100},{&quot;lightness&quot;:30},{&quot;visibility&quot;:&quot;on&quot;}]},{&quot;featureType&quot;:&quot;road.local&quot;,&quot;stylers&quot;:[{&quot;saturation&quot;:-100},{&quot;lightness&quot;:40},{&quot;visibility&quot;:&quot;on&quot;}]},{&quot;featureType&quot;:&quot;transit&quot;,&quot;stylers&quot;:[{&quot;saturation&quot;:-100},{&quot;visibility&quot;:&quot;simplified&quot;}]},{&quot;featureType&quot;:&quot;administrative.province&quot;,&quot;stylers&quot;:[{&quot;visibility&quot;:&quot;off&quot;}]},{&quot;featureType&quot;:&quot;water&quot;,&quot;elementType&quot;:&quot;labels&quot;,&quot;stylers&quot;:[{&quot;visibility&quot;:&quot;on&quot;},{&quot;lightness&quot;:-25},{&quot;saturation&quot;:-100}]},{&quot;featureType&quot;:&quot;water&quot;,&quot;elementType&quot;:&quot;geometry&quot;,&quot;stylers&quot;:[{&quot;hue&quot;:&quot;#ffff00&quot;},{&quot;lightness&quot;:-25},{&quot;saturation&quot;:-97}]}],&quot;directions&quot;:&quot;&quot;,&quot;apiKey&quot;:&quot;AIzaSyBFkTkKBuYxM50YikEnJ7MZRWnLJiMuOLA&quot;,&quot;breakpoint&quot;:780}\"\n\tdata-fallback-image=\"{&quot;img&quot;:&quot;&quot;}\"><\/div>\n<\/div><\/div><\/div><\/div><\/div><div id=\"pg-2957-1\"  class=\"panel-grid panel-has-style\" ><div class=\"panel-row-style panel-row-style-for-2957-1\" ><div id=\"pgc-2957-1-0\"  class=\"panel-grid-cell\" ><div id=\"panel-2957-1-0-0\" class=\"so-panel widget widget_black-studio-tinymce widget_black_studio_tinymce panel-first-child panel-last-child\" data-index=\"2\" ><div class=\"textwidget\"><h2 style=\"font-size: 1.4em; color: #444444; font-weight: 500;\">Contact<\/h2>\n<p>Prensoland S.A<br \/>\nC\/Industria, 5-9<br \/>\n08592 Sant Mart\u00ed de Centelles<br \/>\nBarcelona - Spain<br \/>\nTel. (34) 93 844 01 25<br \/>\nFax (34) 93 844 10 11<\/p>\n<\/div><\/div><\/div><div id=\"pgc-2957-1-1\"  class=\"panel-grid-cell\" ><div id=\"panel-2957-1-1-0\" class=\"so-panel widget widget_black-studio-tinymce widget_black_studio_tinymce panel-first-child\" data-index=\"3\" ><div class=\"textwidget\"><h2 style=\"font-size: 1.4em; color: #444444; font-weight: 500;\">De Barcelone<\/h2>\n<p>Prendre l\u2019autoroute C-33\u00a0direction Girona-Fran\u00e7a.<br \/>\nPrendre la sortie 2: Parets, Vic Puigcerd\u00e0.<br \/>\nPrendre la route\u00a0C-17, direction Vic.<br \/>\nPrendre la sortie Sant Mart\u00ed de Centelles \/ Aiguafreda.<\/p>\n<\/div><\/div><div id=\"panel-2957-1-1-1\" class=\"so-panel widget widget_black-studio-tinymce widget_black_studio_tinymce panel-last-child\" data-index=\"4\" ><div class=\"panel-widget-style panel-widget-style-for-2957-1-1-1\" ><div class=\"textwidget\"><h3 style=\"font-size: 1.4em; color: #444444; font-weight: 500;\">GPS<\/h3>\n<p><strong>Grades<\/strong><br \/>\nLat 41.7665083<br \/>\nLong 2.2501549999999497<\/p>\n<p><strong>GMS<\/strong><br \/>\nN 41\u00ba 45' 59.43\"<br \/>\nE 2\u00ba 15\" 0.557\"<\/p>\n<\/div><\/div><\/div><\/div><div id=\"pgc-2957-1-2\"  class=\"panel-grid-cell\" ><div id=\"panel-2957-1-2-0\" class=\"so-panel widget widget_sow-button panel-first-child panel-last-child\" data-index=\"5\" ><div class=\"panel-widget-style panel-widget-style-for-2957-1-2-0\" ><div\n\t\t\t\n\t\t\tclass=\"so-widget-sow-button so-widget-sow-button-flat-c0b53bb51b64-2957\"\n\t\t\t\n\t\t><div class=\"ow-button-base ow-button-align-justify\"\n style=\"display: block;\">\n\t\t\t<a\n\t\t\t\t\thref=\"https:\/\/www.prensoland.com\/fr\/contact\/\"\n\t\t\t\t\tclass=\"sowb-button ow-icon-placement-left ow-button-hover\" \t>\n\t\t<span>\n\t\t\t<span class=\"sow-icon-fontawesome sow-fas\" data-sow-icon=\"&#xf0e0;\"\n\t\tstyle=\"color: #ffffff\" \n\t\taria-hidden=\"true\"><\/span>\n\t\t\tCONTACTEZ-NOUS\t\t<\/span>\n\t\t\t<\/a>\n\t<\/div>\n<\/div><\/div><\/div><\/div><\/div><\/div><div id=\"pg-2957-2\"  class=\"panel-grid panel-no-style\" ><div id=\"pgc-2957-2-0\"  class=\"panel-grid-cell\" ><div id=\"panel-2957-2-0-0\" class=\"so-panel widget widget_sow-google-map panel-first-child\" data-index=\"6\" ><div\n\t\t\t\n\t\t\tclass=\"so-widget-sow-google-map so-widget-sow-google-map-default-6b23895f316e-2957\"\n\t\t\t\n\t\t>\n<div class=\"sow-google-map-canvas\"\n\tstyle=\"\"\n\tid=\"map-canvas-1811f4ef9469ea4d4ffb0329cf21855a\"\n\tdata-options=\"{&quot;address&quot;:&quot;41.7663115, 2.2500813&quot;,&quot;zoom&quot;:12,&quot;mobileZoom&quot;:12,&quot;gestureHandling&quot;:&quot;greedy&quot;,&quot;disableUi&quot;:&quot;&quot;,&quot;markerIcon&quot;:false,&quot;markersDraggable&quot;:false,&quot;markerAtCenter&quot;:true,&quot;markerInfoDisplay&quot;:&quot;click&quot;,&quot;markerInfoMultiple&quot;:true,&quot;markerPositions&quot;:false,&quot;mapName&quot;:false,&quot;mapStyles&quot;:false,&quot;directions&quot;:&quot;&quot;,&quot;apiKey&quot;:&quot;AIzaSyBFkTkKBuYxM50YikEnJ7MZRWnLJiMuOLA&quot;,&quot;breakpoint&quot;:780,&quot;id&quot;:&quot;69e9d7&quot;}\"\n\tdata-fallback-image=\"{&quot;img&quot;:&quot;&quot;}\"><\/div>\n<\/div><\/div><div id=\"panel-2957-2-0-1\" class=\"so-panel widget widget_spacer panel-last-child\" data-index=\"7\" ><div\n\t\t\t\n\t\t\tclass=\"so-widget-spacer so-widget-spacer-spacer-style-d75171398898-2957\"\n\t\t\t\n\t\t>\r\n\r\n\r\n\r\n\r\n<div class=\"spacer\" style=\"height: 50px\">\r\n<\/div><\/div><\/div><\/div><\/div><\/div>","protected":false},"excerpt":{"rendered":"<p>Contact Prensoland S.A C\/Industria, 5-9 08592 Sant Mart\u00ed de Centelles [&hellip;]<\/p>\n","protected":false},"author":5,"featured_media":0,"parent":0,"menu_order":0,"comment_status":"closed","ping_status":"closed","template":"templates\/template-full-notitle.php","meta":{"footnotes":""},"class_list":["post-2957","page","type-page","status-publish","post"],"yoast_head":"<!-- This site is optimized with the Yoast SEO plugin v27.3 - https:\/\/yoast.com\/product\/yoast-seo-wordpress\/ -->\n<title>Emplacement | Machines Bloc B\u00e9ton et Machinerie pour la fabrication de poutrelles Pr\u00e9contraintes<\/title>\n<meta name=\"description\" content=\"Si\u00e8ge social de Prensoland \u00e0 Barcelone. Machines \u00e0 Blocs prefabriqu\u00e9s en b\u00e9ton et Machines pour la fabrication de poutrelles el dalles pr\u00e9contraintes. Vous pourrez nous trouver sur nos horaires habituels.\" \/>\n<meta name=\"robots\" content=\"index, follow, max-snippet:-1, max-image-preview:large, max-video-preview:-1\" \/>\n<link rel=\"canonical\" href=\"https:\/\/www.prensoland.com\/fr\/emplacement\/\" \/>\n<meta property=\"og:locale\" content=\"fr_FR\" \/>\n<meta property=\"og:type\" content=\"article\" \/>\n<meta property=\"og:title\" content=\"Emplacement | Machines Bloc B\u00e9ton et Machinerie pour la fabrication de poutrelles Pr\u00e9contraintes\" \/>\n<meta property=\"og:description\" content=\"Si\u00e8ge social de Prensoland \u00e0 Barcelone. Machines \u00e0 Blocs prefabriqu\u00e9s en b\u00e9ton et Machines pour la fabrication de poutrelles el dalles pr\u00e9contraintes. Vous pourrez nous trouver sur nos horaires habituels.\" \/>\n<meta property=\"og:url\" content=\"https:\/\/www.prensoland.com\/fr\/emplacement\/\" \/>\n<meta property=\"og:site_name\" content=\"prensoland.com\" \/>\n<meta property=\"article:publisher\" content=\"https:\/\/www.facebook.com\/PRENSOLAND\/\" \/>\n<meta property=\"article:modified_time\" content=\"2024-03-22T12:14:06+00:00\" \/>\n<meta name=\"twitter:card\" content=\"summary_large_image\" \/>\n<meta name=\"twitter:site\" content=\"@prensoland\" \/>\n<meta name=\"twitter:label1\" content=\"Est. reading time\" \/>\n\t<meta name=\"twitter:data1\" content=\"1 minute\" \/>\n<!-- \/ Yoast SEO plugin. -->","yoast_head_json":{"title":"Emplacement | Machines Bloc B\u00e9ton et Machinerie pour la fabrication de poutrelles Pr\u00e9contraintes","description":"Si\u00e8ge social de Prensoland \u00e0 Barcelone. Machines \u00e0 Blocs prefabriqu\u00e9s en b\u00e9ton et Machines pour la fabrication de poutrelles el dalles pr\u00e9contraintes. Vous pourrez nous trouver sur nos horaires habituels.","robots":{"index":"index","follow":"follow","max-snippet":"max-snippet:-1","max-image-preview":"max-image-preview:large","max-video-preview":"max-video-preview:-1"},"canonical":"https:\/\/www.prensoland.com\/fr\/emplacement\/","og_locale":"fr_FR","og_type":"article","og_title":"Emplacement | Machines Bloc B\u00e9ton et Machinerie pour la fabrication de poutrelles Pr\u00e9contraintes","og_description":"Si\u00e8ge social de Prensoland \u00e0 Barcelone. Machines \u00e0 Blocs prefabriqu\u00e9s en b\u00e9ton et Machines pour la fabrication de poutrelles el dalles pr\u00e9contraintes. Vous pourrez nous trouver sur nos horaires habituels.","og_url":"https:\/\/www.prensoland.com\/fr\/emplacement\/","og_site_name":"prensoland.com","article_publisher":"https:\/\/www.facebook.com\/PRENSOLAND\/","article_modified_time":"2024-03-22T12:14:06+00:00","twitter_card":"summary_large_image","twitter_site":"@prensoland","twitter_misc":{"Est. reading time":"1 minute"},"schema":{"@context":"https:\/\/schema.org","@graph":[{"@type":"WebPage","@id":"https:\/\/www.prensoland.com\/fr\/emplacement\/","url":"https:\/\/www.prensoland.com\/fr\/emplacement\/","name":"Emplacement | Machines Bloc B\u00e9ton et Machinerie pour la fabrication de poutrelles Pr\u00e9contraintes","isPartOf":{"@id":"https:\/\/www.prensoland.com\/fr\/#website"},"datePublished":"2015-10-20T13:30:18+00:00","dateModified":"2024-03-22T12:14:06+00:00","description":"Si\u00e8ge social de Prensoland \u00e0 Barcelone. Machines \u00e0 Blocs prefabriqu\u00e9s en b\u00e9ton et Machines pour la fabrication de poutrelles el dalles pr\u00e9contraintes. Vous pourrez nous trouver sur nos horaires habituels.","breadcrumb":{"@id":"https:\/\/www.prensoland.com\/fr\/emplacement\/#breadcrumb"},"inLanguage":"fr","potentialAction":[{"@type":"ReadAction","target":["https:\/\/www.prensoland.com\/fr\/emplacement\/"]}]},{"@type":"BreadcrumbList","@id":"https:\/\/www.prensoland.com\/fr\/emplacement\/#breadcrumb","itemListElement":[{"@type":"ListItem","position":1,"name":"Prensoland","item":"https:\/\/www.prensoland.com\/fr\/"},{"@type":"ListItem","position":2,"name":"Emplacement"}]},{"@type":"WebSite","@id":"https:\/\/www.prensoland.com\/fr\/#website","url":"https:\/\/www.prensoland.com\/fr\/","name":"prensoland.com","description":"","publisher":{"@id":"https:\/\/www.prensoland.com\/fr\/#organization"},"potentialAction":[{"@type":"SearchAction","target":{"@type":"EntryPoint","urlTemplate":"https:\/\/www.prensoland.com\/fr\/?s={search_term_string}"},"query-input":{"@type":"PropertyValueSpecification","valueRequired":true,"valueName":"search_term_string"}}],"inLanguage":"fr"},{"@type":"Organization","@id":"https:\/\/www.prensoland.com\/fr\/#organization","name":"Prensoland","url":"https:\/\/www.prensoland.com\/fr\/","logo":{"@type":"ImageObject","inLanguage":"fr","@id":"https:\/\/www.prensoland.com\/fr\/#\/schema\/logo\/image\/","url":"https:\/\/www.prensoland.com\/wp-content\/uploads\/2016\/11\/prensoland-logo.png","contentUrl":"https:\/\/www.prensoland.com\/wp-content\/uploads\/2016\/11\/prensoland-logo.png","width":129,"height":125,"caption":"Prensoland"},"image":{"@id":"https:\/\/www.prensoland.com\/fr\/#\/schema\/logo\/image\/"},"sameAs":["https:\/\/www.facebook.com\/PRENSOLAND\/","https:\/\/x.com\/prensoland","https:\/\/www.linkedin.com\/company\/2341896","https:\/\/es.pinterest.com\/prensoland\/","https:\/\/www.youtube.com\/user\/PRENSOLAND"]}]}},"_links":{"self":[{"href":"https:\/\/www.prensoland.com\/fr\/wp-json\/wp\/v2\/pages\/2957","targetHints":{"allow":["GET"]}}],"collection":[{"href":"https:\/\/www.prensoland.com\/fr\/wp-json\/wp\/v2\/pages"}],"about":[{"href":"https:\/\/www.prensoland.com\/fr\/wp-json\/wp\/v2\/types\/page"}],"author":[{"embeddable":true,"href":"https:\/\/www.prensoland.com\/fr\/wp-json\/wp\/v2\/users\/5"}],"replies":[{"embeddable":true,"href":"https:\/\/www.prensoland.com\/fr\/wp-json\/wp\/v2\/comments?post=2957"}],"version-history":[{"count":15,"href":"https:\/\/www.prensoland.com\/fr\/wp-json\/wp\/v2\/pages\/2957\/revisions"}],"predecessor-version":[{"id":87596,"href":"https:\/\/www.prensoland.com\/fr\/wp-json\/wp\/v2\/pages\/2957\/revisions\/87596"}],"wp:attachment":[{"href":"https:\/\/www.prensoland.com\/fr\/wp-json\/wp\/v2\/media?parent=2957"}],"curies":[{"name":"wp","href":"https:\/\/api.w.org\/{rel}","templated":true}]}}