{"id":3211,"date":"2016-07-27T14:04:11","date_gmt":"2016-07-27T14:04:11","guid":{"rendered":"https:\/\/www.prensoland.com\/fr\/prensoland-branches-copy\/"},"modified":"2019-10-15T12:07:13","modified_gmt":"2019-10-15T10:07:13","slug":"prensoland-delegations","status":"publish","type":"page","link":"https:\/\/www.prensoland.com\/fr\/prensoland-delegations\/","title":{"rendered":"Nos d\u00e9l\u00e9gations"},"content":{"rendered":"<div id=\"pl-3211\"  class=\"panel-layout\" ><div id=\"pg-3211-0\"  class=\"panel-grid panel-has-style\" ><div class=\"siteorigin-panels-stretch panel-row-style-full-width panel-row-style panel-row-style-for-3211-0\" data-stretch-type=\"full-stretched\" ><div id=\"pgc-3211-0-0\"  class=\"panel-grid-cell\" ><div id=\"panel-3211-0-0-0\" class=\"widget_text so-panel widget widget_custom_html panel-first-child\" data-index=\"0\" ><div class=\"textwidget custom-html-widget\"><h1 style=\"text-align: center\">Nos d\u00e9l\u00e9gations\n<\/h1><\/div><\/div><div id=\"panel-3211-0-0-1\" class=\"so-panel widget widget_sow-google-map panel-last-child\" data-index=\"1\" ><div\n\t\t\t\n\t\t\tclass=\"so-widget-sow-google-map so-widget-sow-google-map-default-c7966a678668-3211\"\n\t\t\t\n\t\t>\n<div class=\"sow-google-map-canvas\"\n\tstyle=\"\"\n\tid=\"map-canvas-b4b08fe3b15ae9b8ffd9fc1608f9f9d4\"\n\tdata-options=\"{&quot;address&quot;:&quot;Sant Mart\\u00ed de Centelles&quot;,&quot;zoom&quot;:2,&quot;mobileZoom&quot;:2,&quot;gestureHandling&quot;:&quot;greedy&quot;,&quot;disableUi&quot;:false,&quot;markerIcon&quot;:&quot;https:\\\/\\\/www.prensoland.com\\\/wp-content\\\/uploads\\\/2015\\\/10\\\/PRENSOLAND-MAP-POINT.png&quot;,&quot;markersDraggable&quot;:false,&quot;markerAtCenter&quot;:true,&quot;markerInfoDisplay&quot;:&quot;click&quot;,&quot;markerInfoMultiple&quot;:true,&quot;markerPositions&quot;:[{&quot;place&quot;:&quot;Alger - ALG\\u00c9RIE\\n&quot;,&quot;info&quot;:&quot;&lt;h6&gt;&lt;strong&gt;PRENSOLAND ALGERIE&lt;\\\/strong&gt;&lt;br \\\/&gt;\\nSOLAIMAN FILALY&lt;br \\\/&gt;\\n+34 93 20 51 011&lt;br \\\/&gt;\\n+34 699 30 34 15&lt;br \\\/&gt;\\n&lt;a href=\\&quot;mailto:sfialy@pms.es\\&quot;&gt;sfialy@pms.es&lt;\\\/a&gt;&lt;\\\/h6&gt;\\n&quot;,&quot;infoSelectedEditor&quot;:&quot;tmce&quot;,&quot;infoMaxWidth&quot;:&quot;200&quot;,&quot;customMarkerIcon&quot;:0,&quot;customMarkerIconSize&quot;:&quot;&quot;},{&quot;place&quot;:&quot;brasil, S\\u00edtios Sta Luzia&quot;,&quot;info&quot;:&quot;&lt;h6&gt;&lt;strong&gt;PRENSOLAND BRESIL&lt;\\\/strong&gt;&lt;br \\\/&gt;\\nCristiano Domingues&lt;br \\\/&gt;\\n+55 6235863801&lt;br \\\/&gt;\\n&lt;u&gt;&lt;a href=\\&quot;mailto:cristiano@bombear.br\\&quot;&gt;cristiano@bombear.com.br&lt;\\\/a&gt;&lt;\\\/u&gt;&lt;\\\/h6&gt;\\n&quot;,&quot;infoSelectedEditor&quot;:&quot;tmce&quot;,&quot;infoMaxWidth&quot;:&quot;200&quot;,&quot;customMarkerIcon&quot;:0,&quot;customMarkerIconSize&quot;:&quot;&quot;},{&quot;place&quot;:&quot;Bogot\\u00e1, COLOMBIA\\n&quot;,&quot;info&quot;:&quot;&lt;h6&gt;&lt;strong&gt;PRENSOLAND COLOMBIE&lt;\\\/strong&gt;&lt;br \\\/&gt;\\nJOSE IGNACIO RESTREPO JARAMILLO&lt;br \\\/&gt;\\n+57 57 310 42 44 455&lt;br \\\/&gt;\\n&lt;a href=\\&quot;mailto:restrepojir@construjir.com\\&quot;&gt;restrepojir@construjir.com&lt;\\\/a&gt;&lt;\\\/h6&gt;\\n&quot;,&quot;infoSelectedEditor&quot;:&quot;tmce&quot;,&quot;infoMaxWidth&quot;:&quot;200&quot;,&quot;customMarkerIcon&quot;:0,&quot;customMarkerIconSize&quot;:&quot;&quot;},{&quot;place&quot;:&quot;Cambodge&quot;,&quot;info&quot;:&quot;&lt;h6&gt;&lt;strong&gt;PRENSOLAND CAMBODGE&lt;\\\/strong&gt;&lt;br \\\/&gt;\\nSMIL TRADING CO. LTD.&lt;br \\\/&gt;\\nHERN TOUCH&lt;br \\\/&gt;\\n+85 587 55 58 68&lt;br \\\/&gt;\\n+85 512 97 81 81&lt;br \\\/&gt;\\n&lt;u&gt;&lt;a href=\\&quot;mailto:hern.t007@gmail.com\\&quot;&gt;hern.t007@gmail.com&lt;\\\/a&gt;\\u00a0&lt;\\\/u&gt;&lt;br \\\/&gt;\\n&lt;u&gt;\\u00a0&lt;\\\/u&gt;&lt;u&gt;&lt;a href=\\&quot;mailto:info@smiltrading.com\\&quot;&gt;info@smiltrading.com&lt;\\\/a&gt;&lt;\\\/u&gt;&lt;\\\/h6&gt;\\n&quot;,&quot;infoSelectedEditor&quot;:&quot;tmce&quot;,&quot;infoMaxWidth&quot;:&quot;200&quot;,&quot;customMarkerIcon&quot;:0,&quot;customMarkerIconSize&quot;:&quot;&quot;},{&quot;place&quot;:&quot;Gurgaon, Haryana - 122 001, India\\n&quot;,&quot;info&quot;:&quot;&lt;h6&gt;&lt;strong&gt;PRENSOLAND INDIA&lt;\\\/strong&gt;&lt;br \\\/&gt;\\nUDEY HANS SARDANA&lt;br \\\/&gt;\\n+91 981 14 31 999&lt;br \\\/&gt;\\n&lt;a href=\\&quot;mailto:densonspoly@gmail.com\\&quot;&gt;densonspoly@gmail.com&lt;\\\/a&gt;&lt;\\\/h6&gt;\\n&quot;,&quot;infoSelectedEditor&quot;:&quot;tmce&quot;,&quot;infoMaxWidth&quot;:&quot;200&quot;,&quot;customMarkerIcon&quot;:0,&quot;customMarkerIconSize&quot;:&quot;&quot;},{&quot;place&quot;:&quot;14, Rue Tunisie - Boulevard d\\u2019Anfa, CASABLANCA, MAROC\\n&quot;,&quot;info&quot;:&quot;&lt;h6&gt;&lt;strong&gt;PRENSOLAND MAROC&lt;\\\/strong&gt;&lt;br \\\/&gt;\\nTERJAOUI AHMED&lt;br \\\/&gt;\\n+212 661 42 43 23&lt;br \\\/&gt;\\n&lt;a href=\\&quot;mailto:tarjaoui@hotmail.fr\\&quot;&gt;tarjaoui@hotmail.fr&lt;\\\/a&gt;&lt;\\\/h6&gt;\\n&quot;,&quot;infoSelectedEditor&quot;:&quot;tmce&quot;,&quot;infoMaxWidth&quot;:&quot;200&quot;,&quot;customMarkerIcon&quot;:0,&quot;customMarkerIconSize&quot;:&quot;&quot;},{&quot;place&quot;:&quot;Versalles 66, Quer\\u00e9taro, Mexico\\n&quot;,&quot;info&quot;:&quot;&lt;h6&gt;&lt;strong&gt;PRENSOLAND MEXICO&lt;\\\/strong&gt;&lt;br \\\/&gt;\\nSUMINISTROS MINEROS E INDUSTRIALES DE SUR&lt;br \\\/&gt;\\n+52 1 951 134 4480&lt;br \\\/&gt;\\n&lt;a href=\\&quot;mailto:summinindsur1@gmail.com\\&quot;&gt;summinindsur1@gmail.com&lt;\\\/a&gt;&lt;\\\/h6&gt;\\n&quot;,&quot;infoSelectedEditor&quot;:&quot;tmce&quot;,&quot;infoMaxWidth&quot;:&quot;200&quot;,&quot;customMarkerIcon&quot;:0,&quot;customMarkerIconSize&quot;:&quot;&quot;},{&quot;place&quot;:&quot;Maldonado, URUGUAY&quot;,&quot;info&quot;:&quot;&lt;h6&gt;&lt;strong&gt;PRENSOLAND URUGUAY&lt;\\\/strong&gt;&lt;br \\\/&gt;\\nFRANCO SCIOLLA, CONCRETECH&lt;br \\\/&gt;\\n+54 9 3585 48 9993&lt;br \\\/&gt;\\n&lt;a href=\\&quot;mailto:sciollafranco@gmail.com\\&quot;&gt;sciollafranco@gmail.com&lt;\\\/a&gt;&lt;\\\/h6&gt;\\n&lt;p&gt;&nbsp;&lt;\\\/p&gt;\\n&quot;,&quot;infoSelectedEditor&quot;:&quot;tmce&quot;,&quot;infoMaxWidth&quot;:&quot;200&quot;,&quot;customMarkerIcon&quot;:0,&quot;customMarkerIconSize&quot;:&quot;&quot;},{&quot;place&quot;:&quot;Buenos Aires, Argentina&quot;,&quot;info&quot;:&quot;&lt;h6&gt;&lt;strong&gt;PRENSOLAND ARGENTINE&lt;\\\/strong&gt;&lt;br \\\/&gt;\\nFRANCO SCIOLLA, CONCRETECH&lt;br \\\/&gt;\\n+54 9 3585 48 9993&lt;br \\\/&gt;\\n&lt;a href=\\&quot;mailto:sciollafranco@gmail.com\\&quot;&gt;sciollafranco@gmail.com&lt;\\\/a&gt;&lt;\\\/h6&gt;\\n&quot;,&quot;infoSelectedEditor&quot;:&quot;tinymce&quot;,&quot;infoMaxWidth&quot;:&quot;&quot;,&quot;customMarkerIcon&quot;:0,&quot;customMarkerIconSize&quot;:&quot;&quot;},{&quot;place&quot;:&quot;Asunci\\u00f3n, Paraguay&quot;,&quot;info&quot;:&quot;&lt;h6&gt;&lt;strong&gt;PRENSOLAND PARAGUAY&lt;\\\/strong&gt;&lt;br \\\/&gt;\\nFRANCO SCIOLLA, CONCRETECH&lt;br \\\/&gt;\\n+54 9 3585 48 9993&lt;br \\\/&gt;\\n&lt;a href=\\&quot;mailto:sciollafranco@gmail.com\\&quot;&gt;sciollafranco@gmail.com&lt;\\\/a&gt;&lt;\\\/h6&gt;\\n&quot;,&quot;infoSelectedEditor&quot;:&quot;tinymce&quot;,&quot;infoMaxWidth&quot;:&quot;&quot;,&quot;customMarkerIcon&quot;:0,&quot;customMarkerIconSize&quot;:&quot;&quot;},{&quot;place&quot;:&quot;Santiago de Chile, Chile&quot;,&quot;info&quot;:&quot;&lt;h6&gt;&lt;strong&gt;PRENSOLAND CHILE&lt;\\\/strong&gt;&lt;br \\\/&gt;\\nFRANCO SCIOLLA, CONCRETECH&lt;br \\\/&gt;\\n+54 9 3585 48 9993&lt;br \\\/&gt;\\n&lt;a href=\\&quot;mailto:sciollafranco@gmail.com\\&quot;&gt;sciollafranco@gmail.com&lt;\\\/a&gt;&lt;\\\/h6&gt;\\n&quot;,&quot;infoSelectedEditor&quot;:&quot;tinymce&quot;,&quot;infoMaxWidth&quot;:&quot;&quot;,&quot;customMarkerIcon&quot;:0,&quot;customMarkerIconSize&quot;:&quot;&quot;},{&quot;place&quot;:&quot;Quito, Ecuador&quot;,&quot;info&quot;:&quot;&lt;h6&gt;&lt;strong&gt;PRENSOLAND ECUADOR&lt;\\\/strong&gt;&lt;br \\\/&gt;\\nMARCELO BASCOMPTE&lt;br \\\/&gt;\\n+593 99 959 3996&lt;br \\\/&gt;\\n&lt;a href=\\&quot;mailto:sciollafranco@gmail.com\\&quot;&gt;marcelbascompte@yahoo.com&lt;\\\/a&gt;&lt;\\\/h6&gt;\\n&quot;,&quot;infoSelectedEditor&quot;:&quot;tinymce&quot;,&quot;infoMaxWidth&quot;:&quot;&quot;,&quot;customMarkerIcon&quot;:0,&quot;customMarkerIconSize&quot;:&quot;&quot;}],&quot;mapName&quot;:&quot;Subtle Grayscale&quot;,&quot;mapStyles&quot;:[{&quot;featureType&quot;:&quot;landscape&quot;,&quot;stylers&quot;:[{&quot;saturation&quot;:-100},{&quot;lightness&quot;:65},{&quot;visibility&quot;:&quot;on&quot;}]},{&quot;featureType&quot;:&quot;poi&quot;,&quot;stylers&quot;:[{&quot;saturation&quot;:-100},{&quot;lightness&quot;:51},{&quot;visibility&quot;:&quot;simplified&quot;}]},{&quot;featureType&quot;:&quot;road.highway&quot;,&quot;stylers&quot;:[{&quot;saturation&quot;:-100},{&quot;visibility&quot;:&quot;simplified&quot;}]},{&quot;featureType&quot;:&quot;road.arterial&quot;,&quot;stylers&quot;:[{&quot;saturation&quot;:-100},{&quot;lightness&quot;:30},{&quot;visibility&quot;:&quot;on&quot;}]},{&quot;featureType&quot;:&quot;road.local&quot;,&quot;stylers&quot;:[{&quot;saturation&quot;:-100},{&quot;lightness&quot;:40},{&quot;visibility&quot;:&quot;on&quot;}]},{&quot;featureType&quot;:&quot;transit&quot;,&quot;stylers&quot;:[{&quot;saturation&quot;:-100},{&quot;visibility&quot;:&quot;simplified&quot;}]},{&quot;featureType&quot;:&quot;administrative.province&quot;,&quot;stylers&quot;:[{&quot;visibility&quot;:&quot;off&quot;}]},{&quot;featureType&quot;:&quot;water&quot;,&quot;elementType&quot;:&quot;labels&quot;,&quot;stylers&quot;:[{&quot;visibility&quot;:&quot;on&quot;},{&quot;lightness&quot;:-25},{&quot;saturation&quot;:-100}]},{&quot;featureType&quot;:&quot;water&quot;,&quot;elementType&quot;:&quot;geometry&quot;,&quot;stylers&quot;:[{&quot;hue&quot;:&quot;#ffff00&quot;},{&quot;lightness&quot;:-25},{&quot;saturation&quot;:-97}]}],&quot;directions&quot;:&quot;&quot;,&quot;apiKey&quot;:&quot;AIzaSyBFkTkKBuYxM50YikEnJ7MZRWnLJiMuOLA&quot;,&quot;breakpoint&quot;:780}\"\n\tdata-fallback-image=\"{&quot;img&quot;:&quot;&quot;}\"><\/div>\n<\/div><\/div><\/div><\/div><\/div><div id=\"pg-3211-1\"  class=\"panel-grid panel-has-style\" ><div class=\"siteorigin-panels-stretch panel-row-style-full-width panel-row-style panel-row-style-for-3211-1\" data-stretch-type=\"full\" ><div id=\"pgc-3211-1-0\"  class=\"panel-grid-cell\" ><div id=\"panel-3211-1-0-0\" class=\"so-panel widget widget_black-studio-tinymce widget_black_studio_tinymce panel-first-child\" data-index=\"2\" ><div class=\"textwidget\"><div><strong>PRENSOLAND S.A.<br \/><\/strong><\/div>\n<div>C\/Industria, 5-9<br \/>08592 Sant Mart\u00ed de Centelles<br \/>Barcelona - Spain\u00a0\u00a0<\/p>\n<p>Tel. (34) 93 844 01 25<br \/>Fax (34) 93 844 10 11<\/div>\n<\/div><\/div><div id=\"panel-3211-1-0-1\" class=\"so-panel widget widget_divider panel-last-child\" data-index=\"3\" ><div class=\"panel-widget-style panel-widget-style-for-3211-1-0-1\" ><div\n\t\t\t\n\t\t\tclass=\"so-widget-divider so-widget-divider-divider-style-d75171398898-3211\"\n\t\t\t\n\t\t>\r\n\r\n\r\n\r\n<hr class=\"so-divider\" style=\"border-style:solid; border-width:0 0 2px 0; border-color:#e0e0e0; margin-top: 30px; margin-bottom: 30px; \"><\/div><\/div><\/div><\/div><div id=\"pgc-3211-1-1\"  class=\"panel-grid-cell\" ><div id=\"panel-3211-1-1-0\" class=\"so-panel widget widget_sow-button panel-first-child\" data-index=\"4\" ><div class=\"panel-widget-style panel-widget-style-for-3211-1-1-0\" ><div\n\t\t\t\n\t\t\tclass=\"so-widget-sow-button so-widget-sow-button-flat-67eb78813e9c-3211\"\n\t\t\t\n\t\t><div class=\"ow-button-base ow-button-align-justify\"\n style=\"display: block;\">\n\t\t\t<a\n\t\t\t\t\thref=\"\"\n\t\t\t\t\tclass=\"sowb-button ow-icon-placement-left ow-button-hover\" \t>\n\t\t<span>\n\t\t\t<span class=\"sow-icon-fontawesome sow-fas\" data-sow-icon=\"&#xf0e0;\"\n\t\tstyle=\"color: #ffffff\" \n\t\taria-hidden=\"true\"><\/span>\n\t\t\tCONTACTEZ-NOUS\t\t<\/span>\n\t\t\t<\/a>\n\t<\/div>\n<\/div><\/div><\/div><div id=\"panel-3211-1-1-1\" class=\"so-panel widget widget_sow-button panel-last-child\" data-index=\"5\" ><div class=\"panel-widget-style panel-widget-style-for-3211-1-1-1\" ><div\n\t\t\t\n\t\t\tclass=\"so-widget-sow-button so-widget-sow-button-flat-67eb78813e9c-3211\"\n\t\t\t\n\t\t><div class=\"ow-button-base ow-button-align-justify\"\n style=\"display: block;\">\n\t\t\t<a\n\t\t\t\t\thref=\"https:\/\/www.prensoland.com\/contact-map\/\"\n\t\t\t\t\tclass=\"sowb-button ow-icon-placement-left ow-button-hover\" \t>\n\t\t<span>\n\t\t\t<span class=\"sow-icon-fontawesome sow-fas\" data-sow-icon=\"&#xf1d8;\"\n\t\tstyle=\"color: #ffffff\" \n\t\taria-hidden=\"true\"><\/span>\n\t\t\tRETROUVEZ-NOUS SUR LA CARTA\t\t<\/span>\n\t\t\t<\/a>\n\t<\/div>\n<\/div><\/div><\/div><\/div><\/div><\/div><\/div>","protected":false},"excerpt":{"rendered":"<p>PRENSOLAND S.A.C\/Industria, 5-908592 Sant Mart\u00ed de CentellesBarcelona &#8211; Spain\u00a0\u00a0Tel. (34) [&hellip;]<\/p>\n","protected":false},"author":5,"featured_media":0,"parent":0,"menu_order":0,"comment_status":"closed","ping_status":"closed","template":"templates\/template-full-notitle.php","meta":{"footnotes":""},"class_list":["post-3211","page","type-page","status-publish","post"],"yoast_head":"<!-- This site is optimized with the Yoast SEO plugin v27.3 - https:\/\/yoast.com\/product\/yoast-seo-wordpress\/ -->\n<title>Nos D\u00e9l\u00e9gations | Machines \u00e0 Blocs en B\u00e9ton et Machinerie pour la fabrication de poutrelles pr\u00e9contraintes<\/title>\n<meta name=\"description\" content=\"Nos repr\u00e9sentants et distributeurs du monde entier seront heureux de vous aider. D\u00e9couvrez-les.\" \/>\n<meta name=\"robots\" content=\"index, follow, max-snippet:-1, max-image-preview:large, max-video-preview:-1\" \/>\n<link rel=\"canonical\" href=\"https:\/\/www.prensoland.com\/fr\/prensoland-delegations\/\" \/>\n<meta property=\"og:locale\" content=\"fr_FR\" \/>\n<meta property=\"og:type\" content=\"article\" \/>\n<meta property=\"og:title\" content=\"Nos D\u00e9l\u00e9gations | Machines \u00e0 Blocs en B\u00e9ton et Machinerie pour la fabrication de poutrelles pr\u00e9contraintes\" \/>\n<meta property=\"og:description\" content=\"Nos repr\u00e9sentants et distributeurs du monde entier seront heureux de vous aider. D\u00e9couvrez-les.\" \/>\n<meta property=\"og:url\" content=\"https:\/\/www.prensoland.com\/fr\/prensoland-delegations\/\" \/>\n<meta property=\"og:site_name\" content=\"prensoland.com\" \/>\n<meta property=\"article:publisher\" content=\"https:\/\/www.facebook.com\/PRENSOLAND\/\" \/>\n<meta property=\"article:modified_time\" content=\"2019-10-15T10:07:13+00:00\" \/>\n<meta name=\"twitter:card\" content=\"summary_large_image\" \/>\n<meta name=\"twitter:site\" content=\"@prensoland\" \/>\n<!-- \/ Yoast SEO plugin. -->","yoast_head_json":{"title":"Nos D\u00e9l\u00e9gations | Machines \u00e0 Blocs en B\u00e9ton et Machinerie pour la fabrication de poutrelles pr\u00e9contraintes","description":"Nos repr\u00e9sentants et distributeurs du monde entier seront heureux de vous aider. D\u00e9couvrez-les.","robots":{"index":"index","follow":"follow","max-snippet":"max-snippet:-1","max-image-preview":"max-image-preview:large","max-video-preview":"max-video-preview:-1"},"canonical":"https:\/\/www.prensoland.com\/fr\/prensoland-delegations\/","og_locale":"fr_FR","og_type":"article","og_title":"Nos D\u00e9l\u00e9gations | Machines \u00e0 Blocs en B\u00e9ton et Machinerie pour la fabrication de poutrelles pr\u00e9contraintes","og_description":"Nos repr\u00e9sentants et distributeurs du monde entier seront heureux de vous aider. D\u00e9couvrez-les.","og_url":"https:\/\/www.prensoland.com\/fr\/prensoland-delegations\/","og_site_name":"prensoland.com","article_publisher":"https:\/\/www.facebook.com\/PRENSOLAND\/","article_modified_time":"2019-10-15T10:07:13+00:00","twitter_card":"summary_large_image","twitter_site":"@prensoland","schema":{"@context":"https:\/\/schema.org","@graph":[{"@type":"WebPage","@id":"https:\/\/www.prensoland.com\/fr\/prensoland-delegations\/","url":"https:\/\/www.prensoland.com\/fr\/prensoland-delegations\/","name":"Nos D\u00e9l\u00e9gations | Machines \u00e0 Blocs en B\u00e9ton et Machinerie pour la fabrication de poutrelles pr\u00e9contraintes","isPartOf":{"@id":"https:\/\/www.prensoland.com\/fr\/#website"},"datePublished":"2016-07-27T14:04:11+00:00","dateModified":"2019-10-15T10:07:13+00:00","description":"Nos repr\u00e9sentants et distributeurs du monde entier seront heureux de vous aider. D\u00e9couvrez-les.","breadcrumb":{"@id":"https:\/\/www.prensoland.com\/fr\/prensoland-delegations\/#breadcrumb"},"inLanguage":"fr","potentialAction":[{"@type":"ReadAction","target":["https:\/\/www.prensoland.com\/fr\/prensoland-delegations\/"]}]},{"@type":"BreadcrumbList","@id":"https:\/\/www.prensoland.com\/fr\/prensoland-delegations\/#breadcrumb","itemListElement":[{"@type":"ListItem","position":1,"name":"Prensoland","item":"https:\/\/www.prensoland.com\/fr\/"},{"@type":"ListItem","position":2,"name":"Nos d\u00e9l\u00e9gations"}]},{"@type":"WebSite","@id":"https:\/\/www.prensoland.com\/fr\/#website","url":"https:\/\/www.prensoland.com\/fr\/","name":"prensoland.com","description":"","publisher":{"@id":"https:\/\/www.prensoland.com\/fr\/#organization"},"potentialAction":[{"@type":"SearchAction","target":{"@type":"EntryPoint","urlTemplate":"https:\/\/www.prensoland.com\/fr\/?s={search_term_string}"},"query-input":{"@type":"PropertyValueSpecification","valueRequired":true,"valueName":"search_term_string"}}],"inLanguage":"fr"},{"@type":"Organization","@id":"https:\/\/www.prensoland.com\/fr\/#organization","name":"Prensoland","url":"https:\/\/www.prensoland.com\/fr\/","logo":{"@type":"ImageObject","inLanguage":"fr","@id":"https:\/\/www.prensoland.com\/fr\/#\/schema\/logo\/image\/","url":"https:\/\/www.prensoland.com\/wp-content\/uploads\/2016\/11\/prensoland-logo.png","contentUrl":"https:\/\/www.prensoland.com\/wp-content\/uploads\/2016\/11\/prensoland-logo.png","width":129,"height":125,"caption":"Prensoland"},"image":{"@id":"https:\/\/www.prensoland.com\/fr\/#\/schema\/logo\/image\/"},"sameAs":["https:\/\/www.facebook.com\/PRENSOLAND\/","https:\/\/x.com\/prensoland","https:\/\/www.linkedin.com\/company\/2341896","https:\/\/es.pinterest.com\/prensoland\/","https:\/\/www.youtube.com\/user\/PRENSOLAND"]}]}},"_links":{"self":[{"href":"https:\/\/www.prensoland.com\/fr\/wp-json\/wp\/v2\/pages\/3211","targetHints":{"allow":["GET"]}}],"collection":[{"href":"https:\/\/www.prensoland.com\/fr\/wp-json\/wp\/v2\/pages"}],"about":[{"href":"https:\/\/www.prensoland.com\/fr\/wp-json\/wp\/v2\/types\/page"}],"author":[{"embeddable":true,"href":"https:\/\/www.prensoland.com\/fr\/wp-json\/wp\/v2\/users\/5"}],"replies":[{"embeddable":true,"href":"https:\/\/www.prensoland.com\/fr\/wp-json\/wp\/v2\/comments?post=3211"}],"version-history":[{"count":32,"href":"https:\/\/www.prensoland.com\/fr\/wp-json\/wp\/v2\/pages\/3211\/revisions"}],"predecessor-version":[{"id":56186,"href":"https:\/\/www.prensoland.com\/fr\/wp-json\/wp\/v2\/pages\/3211\/revisions\/56186"}],"wp:attachment":[{"href":"https:\/\/www.prensoland.com\/fr\/wp-json\/wp\/v2\/media?parent=3211"}],"curies":[{"name":"wp","href":"https:\/\/api.w.org\/{rel}","templated":true}]}}