{"id":4195,"date":"2016-09-01T06:33:50","date_gmt":"2016-09-01T06:33:50","guid":{"rendered":"https:\/\/www.prensoland.com\/fr\/legal-advice\/"},"modified":"2018-10-01T12:19:04","modified_gmt":"2018-10-01T10:19:04","slug":"avertissement-legal","status":"publish","type":"page","link":"https:\/\/www.prensoland.com\/fr\/avertissement-legal\/","title":{"rendered":"Avertissement l\u00e9gal"},"content":{"rendered":"<p>AVIS L\u00c9GAL ET POLITIQUE DE CONFIDENTIALIT\u00c9<\/p>\n<p>CONDITIONS G\u00c9N\u00c9RALES D\u2019UTILISATION<\/p>\n<p>1. ACCEPTATION DES TERMES D\u2019USAGE<\/p>\n<p>L\u2019utilisation du site web www.prensoland.com, propri\u00e9t\u00e9 de PRENSOLAND, S.A., ci-apr\u00e8s d\u00e9nomm\u00e9e PRENSOLAND, S.A., est absolument volontaire et suppose l\u2019enti\u00e8re acceptation de la personne qui y acc\u00e8de, ci-apr\u00e8s d\u00e9nomm\u00e9e l\u2019Utilisateur, de toutes les Conditions G\u00e9n\u00e9rales d\u2019Utilisation en vigueur \u00e0 chaque instant et se trouvant publi\u00e9es dans le pr\u00e9sent site. Dans ce sens, l\u2019Utilisateur devra lire attentivement le pr\u00e9sent AVIS L\u00c9GAL et en accepter les termes sans aucune r\u00e9serve avant toute op\u00e9ration, visionnage, utilisation, etc. de ces sites web.<br \/>\nL\u2019Utilisateur s\u2019engage \u00e0 ne pas utiliser les sites web ou leurs services et contenus contrairement aux normes en vigueur. PRENSOLAND, S.A. se r\u00e9serve le droit de refuser l\u2019acc\u00e8s au pr\u00e9sent site web, sans aucun pr\u00e9vis, \u00e0 tout Utilisateur violant les dispositions des pr\u00e9sentes Conditions G\u00e9n\u00e9rales d\u2019Utilisation.<br \/>\nPRENSOLAND, S.A. se r\u00e9serve le droit de modifier, \u00e0 tout moment, les pr\u00e9sentes Conditions G\u00e9n\u00e9rales d\u2019Utilisation, ainsi que toutes autres conditions g\u00e9n\u00e9rales ou particuli\u00e8res, tous r\u00e8glements d\u2019utilisation ou avis applicables. De m\u00eame, elle se r\u00e9serve le droit de modifier \u00e0 tout moment la pr\u00e9sentation, la configuration et la localisation du Site Web, ainsi que les contenus et les conditions requises aux fins d\u2019en faire usage.<\/p>\n<p>2. OBJET<\/p>\n<p>PRENSOLAND, S.A. fournit gratuitement aux Utilisateurs des informations claires sur les produits et les services qu\u2019elle propose \u00e0 ses clients et sur leurs caract\u00e9ristiques, de m\u00eame que des informations sur l\u2019entreprise elle-m\u00eame.<\/p>\n<p>Sur le site www.prensoland.com, il peut exister des liens vers d\u2019autres sites qui ne sont pas g\u00e9r\u00e9s par PRENSOLAND, S.A. Ces liens proviennent d\u2019autres sources d\u2019information et ne suppose pas l\u2019inclusion, la recommandation, l\u2019invitation ou la suggestion de la visite des sites de destination\u00a0; dans ce sens, PRENSOLAND, S.A. d\u00e9cline toute responsabilit\u00e9 r\u00e9sultant de l\u2019acc\u00e8s aux sites web de tiers.<\/p>\n<p>3. PROPRI\u00c9T\u00c9 INTELLECTUELLE ET INDUSTRIELLE<\/p>\n<p>L\u2019Utilisateur reconna\u00eet et convient que tous les droits de propri\u00e9t\u00e9 industrielle et intellectuelle sur les contenus et sur tous les autres \u00e9l\u00e9ments ins\u00e9r\u00e9s dans le Site Web appartiennent \u00e0 PRENSOLAND, S.A. ou \u00e0 ses conc\u00e9dants de licence, sauf dans le cas pr\u00e9cit\u00e9 au paragraphe qui pr\u00e9c\u00e8de se rapportant aux hyperliens.<br \/>\nPRENSOLAND, S.A. est propri\u00e9taire des \u00e9l\u00e9ments qui int\u00e8gre le dessin graphique de son site web, les menus, les boutons de navigation, le code HTML, les textes, les images, les textures, les graphiques et tout autre contenu du site web ou se trouve dans tous les cas d\u00fbment autoris\u00e9e \u00e0 faire usage desdits \u00e9l\u00e9ments.<br \/>\nPar cons\u00e9quent, l\u2019Utilisateur est autoris\u00e9 \u00e0 visualiser tout le mat\u00e9riel et tout le contenu de ce site, tel qu\u2019il se pr\u00e9sente, et \u00e0 t\u00e9l\u00e9charger, dans un seul ordinateur, une copie du mat\u00e9riel en vue de son usage personnel et priv\u00e9 et jamais \u00e0 des fins commerciales, \u00e0 condition que l\u2019Utilisateur respecte l\u2019ensemble des normes relatives \u00e0 la propri\u00e9t\u00e9 industrielle et intellectuelle.<br \/>\nDe m\u00eame, il est interdit de supprimer, d\u2019omettre ou de manipuler le \u00ab\u00a0copyright\u00a0\u00bb et autres donn\u00e9es d\u2019identification des droits de www.prensoland.com, ainsi que les dispositifs techniques de protection ou tout autre m\u00e9canisme d\u2019information dont les contenus pourraient \u00eatre dot\u00e9s.<\/p>\n<p>PRENSOLAND, S.A. autorise l\u2019\u00e9tablissement de liens entre d\u2019autres sites web et le sien, \u00e0 condition que les conditions suivantes soient respect\u00e9es\u00a0:<br \/>\nque le lien ne soit pas \u00e9tabli \u00e0 partir d\u2019un site web dont les contenus sont ill\u00e9gaux ou contraires aux bonnes m\u0153urs et \u00e0 l\u2019ordre public\u00a0;<br \/>\nqu\u2019il n\u2019offre pas de fausse image de PRENSOLAND, S.A. ou de ses produits ou une image erron\u00e9e ou nuisible de l\u2019entreprise et de ses produits\u00a0;<br \/>\nqu\u2019il ne cr\u00e9e pas l\u2019impression qu&#8217;une relation ou un lien commercial existe entre PRENSOLAND, S.A. et les propri\u00e9taires, les responsables ou les annonceurs du site web depuis lequel le lien est cr\u00e9\u00e9, alors que tel n&#8217;est pas le cas\u00a0;<br \/>\nqu\u2019il ne cr\u00e9e pas l\u2019impression que les contenus ou le site web de PRENSOLAND, S.A. appartiennent ou ont \u00e9t\u00e9 con\u00e7us par les propri\u00e9taires, les responsables ou les annonceurs du site web depuis lequel le lien est cr\u00e9\u00e9.<\/p>\n<p>4. UTILISATION DU SERVICE ET RESPONSABILIT\u00c9S<\/p>\n<p>Les conditions d\u2019acc\u00e8s et d\u2019utilisation du pr\u00e9sent site web sont strictement soumises aux normes l\u00e9gales en vigueur et au principe de bonne foi\u00a0; dans ce sens, l\u2019Utilisateur s\u2019engage \u00e0 faire bon usage du site web et des services qui y sont propos\u00e9s.<\/p>\n<p>Sont interdits tous les actes contraires \u00e0 la loi ou portant atteinte aux droits ou aux int\u00e9r\u00eats de tiers. Dans ce sens, il est express\u00e9ment interdit\u00a0:<\/p>\n<p>De r\u00e9aliser des actes susceptibles de causer des dommages aux syst\u00e8mes de PRENSOLAND, S.A. ou \u00e0 des tiers sur le site web ou au travers de ce dernier.<\/p>\n<p>De r\u00e9aliser de la publicit\u00e9 ou de fournir des informations de nature commerciale directement ou sous couvert, sous la forme de spam (envoi de courriers massifs) ou par l\u2019envoi de messages pesants dans le but de saturer les serveurs du r\u00e9seau.<\/p>\n<p>PRENSOLAND, S.A. ne r\u00e9pond d\u2019aucune sorte de l\u2019usage incorrect, inappropri\u00e9 ou illicite des informations publi\u00e9es sur le site web de PRENSOLAND, S.A.<\/p>\n<p>5. CONDITIONS L\u00c9GALES D\u2019INFORMATION G\u00c9N\u00c9RALE<\/p>\n<p>En application des r\u00e8gles de l\u2019article 10 de la Loi 34\/2002 relative aux Services de la Soci\u00e9t\u00e9 de l\u2019Information et au Commerce \u00c9lectronique, PRENSOLAND, S.A. fournit, via son site web et par des moyens \u00e9lectroniques, l\u2019acc\u00e8s permanent, simple, direct et gratuit aux informations relatives \u00e0 sa raison sociale, \u00e0 ses donn\u00e9es fiscales, d\u2019enregistrement, \u00e0 son si\u00e8ge social et \u00e0 son adresse aux fins de communication.<\/p>\n<p>6. POLITIQUE DE CONFIDENTIALIT\u00c9<\/p>\n<p>En vertu des dispositions du nouveau R\u00e8glement europ\u00e9en 679\/2016 sur la protection des donn\u00e9es ou RGPD, pleinement applicable depuis le 25\u00a0mai, il nous incombe de vous informer de la mani\u00e8re dont nous traitons vos donn\u00e9es \u00e0 caract\u00e8re personnel. Nous vous rappelons donc ce qui suit\u00a0:<\/p>\n<p><strong>Le responsable du traitement de vos donn\u00e9es est\u00a0:<\/strong><br \/>\nPRENSOLAND, S.A.<br \/>\nCalle Industria, 5-9<br \/>\n<u>08592 SANT MART\u00cd DE CENTELLES (ESPAGNE)<\/u><\/p>\n<p><strong>Les finalit\u00e9s du traitement de vos donn\u00e9es sont les suivantes\u00a0:<\/strong><br \/>\nR\u00e9pondre aux demandes d\u2019information, de devis, de projets, aux questions ou aux commentaires relatifs \u00e0 nos services.<\/p>\n<ul>\n<li>La prestation des services li\u00e9s \u00e0 notre activit\u00e9.<\/li>\n<li>La gestion administrative et comptable d\u00e9coulant de la finalit\u00e9 susmentionn\u00e9e, comme la facturation, les recouvrements et paiements, etc.<\/li>\n<li>Les \u00e9ventuelles communications commerciales li\u00e9es \u00e0 notre activit\u00e9 (optionnel).<\/li>\n<li>G\u00e9rer une bourse du travail de candidats pour occuper les postes de travail vacants au sein de l\u2019entreprise.<\/li>\n<\/ul>\n<p><strong>La base l\u00e9gale sur laquelle se fonde le traitement de vos donn\u00e9es \u00e0 caract\u00e8re personnel est la suivante\u00a0:<\/strong><br \/>\nAu sein de notre entreprise, nous traitons vos donn\u00e9es avec votre consentement expr\u00e8s \u00e0 partir du moment de leur collecte et lorsque vous les avez fournies, ainsi que sur la base de l\u2019ex\u00e9cution du contrat de prestation de services.<\/p>\n<p><strong>Nous conserverons vos donn\u00e9es\u00a0:<\/strong><br \/>\nTant que la relation contractuelle sera maintenue ou durant les ann\u00e9es n\u00e9cessaires afin de respecter les obligations l\u00e9gales, plus concr\u00e8tement, au moins 5 ans \u00e0 compter de la derni\u00e8re op\u00e9ration li\u00e9e \u00e0 notre service.<\/p>\n<p><strong>Nous ne c\u00e9derons pas vos donn\u00e9es \u00e0 des tierces personnes\u00a0:<\/strong><br \/>\n\u00c0 moins que la loi nous oblige \u00e0 le faire. N\u00e9anmoins, en vertu de l\u2019int\u00e9r\u00eat l\u00e9gitime et n\u00e9cessaire \u00e0 notre activit\u00e9, il est possible que certains de nos services requi\u00e8rent l\u2019ex\u00e9cution de t\u00e2ches qui seront r\u00e9alis\u00e9es par des entreprises prestataires externes, comme des entreprises de logistique, des entreprises de logiciel de gestion, d\u2019h\u00e9bergement, de d\u00e9veloppement web et de domaines, etc.<\/p>\n<p>Toutefois, nous sommes dans l\u2019obligation de revoir et de choisir des prestataires de services offrant les garanties n\u00e9cessaires en mati\u00e8re de protection des donn\u00e9es et de confidentialit\u00e9. Nous vous informons donc que notre entreprise a choisi des entreprises qui offrent les garanties n\u00e9cessaires \u00e0 la protection de nos donn\u00e9es \u00e0 caract\u00e8re personnel et de celles de nos clients. Pour ce faire, nous avons conclu des contrats de services contenant des clauses sp\u00e9cifiques en mati\u00e8re de protection des donn\u00e9es et de confidentialit\u00e9, qui garantissent l\u2019application de mesures de s\u00e9curit\u00e9 visant \u00e0 prot\u00e9ger tous les renseignements personnels auxquels elles pourraient avoir acc\u00e8s, en cryptant ou en codifiant m\u00eame lesdits renseignements afin d\u2019en \u00e9viter l\u2019acc\u00e8s non autoris\u00e9.<\/p>\n<p><strong>Exercice des droits de l\u2019int\u00e9ress\u00e9<\/strong><br \/>\nQuant aux droits qui vous concernent en tant qu\u2019int\u00e9ress\u00e9, en vertu du R\u00e8glement europ\u00e9en sur la protection des donn\u00e9es (RGPD),\u00a0vous pouvez exercer les droits suivants\u00a0:<\/p>\n<ul>\n<li>Droit de demander l\u2019acc\u00e8s \u00e0 vos donn\u00e9es \u00e0 caract\u00e8re personnel contenues dans nos fichiers;<\/li>\n<li>Droit de demander la rectification des donn\u00e9es inexactes\u00a0;<\/li>\n<li>Droit de demander la limitation du traitement dans les cas \u00e9tablis par le RGPD. Dans ce cas, nous les conserverons uniquement pour l\u2019exercice ou la d\u00e9fense de r\u00e9clamations\u00a0;<\/li>\n<li>Droit de s\u2019opposer au traitement des donn\u00e9es\u00a0;<\/li>\n<li>Droit \u00e0 la portabilit\u00e9 des donn\u00e9es\u00a0;<\/li>\n<li>Droit de r\u00e9clamer aupr\u00e8s de l\u2019Agence espagnole de protection des donn\u00e9es (<a href=\"http:\/\/www.agpd.es\">www.agpd.es<\/a>).<\/li>\n<\/ul>\n<p>Pour exercer vos droits, vous devrez envoyer votre demande \u00e0 notre entreprise, en joignant la photocopie de votre carte d\u2019identit\u00e9, de votre passeport ou de toute autre pi\u00e8ce d\u2019identit\u00e9 \u00e9quivalente et, le cas \u00e9ch\u00e9ant, de la personne qui vous repr\u00e9sente.<\/p>\n<p>De m\u00eame, vous pourrez, \u00e0 tout moment, retirer le consentement donn\u00e9 sans que cela n\u2019affecte la lic\u00e9it\u00e9 du traitement, en envoyant votre demande par les voies susmentionn\u00e9es, et en joignant \u00e0 celle-ci une photocopie de votre carte d\u2019identit\u00e9 ou d\u2019une pi\u00e8ce d\u2019identit\u00e9 \u00e9quivalente.<\/p>\n<p>&nbsp;<\/p>\n<p>7. EXCLUSION DE RESPONSABILIT\u00c9<\/p>\n<p>PRENSOLAND, S.A. d\u00e9cline toute responsabilit\u00e9 dans le cas o\u00f9 l\u2019acc\u00e8s \u00e0 son site ou les visites de ce dernier seraient impossibles ou g\u00ean\u00e9s par une coupure de courant ou par une fourniture d\u00e9fectueuse du service d&#8217;approvisionnement en \u00e9lectricit\u00e9, du service de t\u00e9l\u00e9phone ou de services pr\u00eat\u00e9s par d\u2019autres fournisseurs de t\u00e9l\u00e9communications ind\u00e9pendants de PRENSOLAND, S.A., ou en cas de conflits sociaux ou dans d\u2019autres cas de force majeure ou d\u2019actes r\u00e9alis\u00e9s par des tiers, y compris les mises en demeure ou ordres administratifs ou judiciaires, les sabotages ou saturations, intentionn\u00e9s ou involontaires.<\/p>\n<p>PRENSOLAND, S.A. d\u00e9cline aussi toute responsabilit\u00e9 pouvant r\u00e9sulter de dommages ou pr\u00e9judices caus\u00e9s au visiteur quant \u00e0 ses moyens informatiques ou t\u00e9l\u00e9matiques dans l\u2019un quelconque des cas pr\u00e9c\u00e9demment expos\u00e9s.<\/p>\n<p>PRENSOLAND, S.A. ne garantit pas la disponibilit\u00e9 et la continuit\u00e9 du Site Web et ne r\u00e9pond donc d\u2019aucun dommage ou pr\u00e9judice caus\u00e9 ou qui pourrait \u00eatre caus\u00e9 dans le futur et d\u2019aucun d\u00e9faut technique, quel qu\u2019en soit la nature, r\u00e9sultant de l\u2019usage des informations et des mati\u00e8res contenus dans le Site Web www.prensoland.com.<\/p>\n<p>Dans les limites pr\u00e9vues par la Loi, PRENSOLAND, S.A. ne r\u00e9pond pas du d\u00e9faut de mise \u00e0 jour et du manque de pr\u00e9cision des donn\u00e9es ou des informations contenues dans son Site Web.<\/p>\n","protected":false},"excerpt":{"rendered":"<p>AVIS L\u00c9GAL ET POLITIQUE DE CONFIDENTIALIT\u00c9 CONDITIONS G\u00c9N\u00c9RALES D\u2019UTILISATION 1. [&hellip;]<\/p>\n","protected":false},"author":5,"featured_media":0,"parent":0,"menu_order":0,"comment_status":"closed","ping_status":"closed","template":"","meta":{"footnotes":""},"class_list":["post-4195","page","type-page","status-publish","post"],"yoast_head":"<!-- This site is optimized with the Yoast SEO plugin v27.3 - https:\/\/yoast.com\/product\/yoast-seo-wordpress\/ -->\n<title>Advertissement L\u00e9gal | Machines Bloc B\u00e9ton et Machinerie de Poutres Pr\u00e9contraintes<\/title>\n<meta name=\"description\" content=\"Site avec les mentions l\u00e9gales de la soci\u00e9t\u00e9 Prensoland, Machines \u00e0 Blocs b\u00e9ton et Machines pour faire des poutres et plaques en b\u00e9ton pr\u00e9contraint.\" \/>\n<meta name=\"robots\" content=\"index, follow, max-snippet:-1, max-image-preview:large, max-video-preview:-1\" \/>\n<link rel=\"canonical\" href=\"https:\/\/www.prensoland.com\/fr\/avertissement-legal\/\" \/>\n<meta property=\"og:locale\" content=\"fr_FR\" \/>\n<meta property=\"og:type\" content=\"article\" \/>\n<meta property=\"og:title\" content=\"Advertissement L\u00e9gal | Machines Bloc B\u00e9ton et Machinerie de Poutres Pr\u00e9contraintes\" \/>\n<meta property=\"og:description\" content=\"Site avec les mentions l\u00e9gales de la soci\u00e9t\u00e9 Prensoland, Machines \u00e0 Blocs b\u00e9ton et Machines pour faire des poutres et plaques en b\u00e9ton pr\u00e9contraint.\" \/>\n<meta property=\"og:url\" content=\"https:\/\/www.prensoland.com\/fr\/avertissement-legal\/\" \/>\n<meta property=\"og:site_name\" content=\"prensoland.com\" \/>\n<meta property=\"article:publisher\" content=\"https:\/\/www.facebook.com\/PRENSOLAND\/\" \/>\n<meta property=\"article:modified_time\" content=\"2018-10-01T10:19:04+00:00\" \/>\n<meta name=\"twitter:card\" content=\"summary_large_image\" \/>\n<meta name=\"twitter:site\" content=\"@prensoland\" \/>\n<meta name=\"twitter:label1\" content=\"Est. reading time\" \/>\n\t<meta name=\"twitter:data1\" content=\"10 minutes\" \/>\n<!-- \/ Yoast SEO plugin. -->","yoast_head_json":{"title":"Advertissement L\u00e9gal | Machines Bloc B\u00e9ton et Machinerie de Poutres Pr\u00e9contraintes","description":"Site avec les mentions l\u00e9gales de la soci\u00e9t\u00e9 Prensoland, Machines \u00e0 Blocs b\u00e9ton et Machines pour faire des poutres et plaques en b\u00e9ton pr\u00e9contraint.","robots":{"index":"index","follow":"follow","max-snippet":"max-snippet:-1","max-image-preview":"max-image-preview:large","max-video-preview":"max-video-preview:-1"},"canonical":"https:\/\/www.prensoland.com\/fr\/avertissement-legal\/","og_locale":"fr_FR","og_type":"article","og_title":"Advertissement L\u00e9gal | Machines Bloc B\u00e9ton et Machinerie de Poutres Pr\u00e9contraintes","og_description":"Site avec les mentions l\u00e9gales de la soci\u00e9t\u00e9 Prensoland, Machines \u00e0 Blocs b\u00e9ton et Machines pour faire des poutres et plaques en b\u00e9ton pr\u00e9contraint.","og_url":"https:\/\/www.prensoland.com\/fr\/avertissement-legal\/","og_site_name":"prensoland.com","article_publisher":"https:\/\/www.facebook.com\/PRENSOLAND\/","article_modified_time":"2018-10-01T10:19:04+00:00","twitter_card":"summary_large_image","twitter_site":"@prensoland","twitter_misc":{"Est. reading time":"10 minutes"},"schema":{"@context":"https:\/\/schema.org","@graph":[{"@type":"WebPage","@id":"https:\/\/www.prensoland.com\/fr\/avertissement-legal\/","url":"https:\/\/www.prensoland.com\/fr\/avertissement-legal\/","name":"Advertissement L\u00e9gal | Machines Bloc B\u00e9ton et Machinerie de Poutres Pr\u00e9contraintes","isPartOf":{"@id":"https:\/\/www.prensoland.com\/fr\/#website"},"datePublished":"2016-09-01T06:33:50+00:00","dateModified":"2018-10-01T10:19:04+00:00","description":"Site avec les mentions l\u00e9gales de la soci\u00e9t\u00e9 Prensoland, Machines \u00e0 Blocs b\u00e9ton et Machines pour faire des poutres et plaques en b\u00e9ton pr\u00e9contraint.","breadcrumb":{"@id":"https:\/\/www.prensoland.com\/fr\/avertissement-legal\/#breadcrumb"},"inLanguage":"fr","potentialAction":[{"@type":"ReadAction","target":["https:\/\/www.prensoland.com\/fr\/avertissement-legal\/"]}]},{"@type":"BreadcrumbList","@id":"https:\/\/www.prensoland.com\/fr\/avertissement-legal\/#breadcrumb","itemListElement":[{"@type":"ListItem","position":1,"name":"Prensoland","item":"https:\/\/www.prensoland.com\/fr\/"},{"@type":"ListItem","position":2,"name":"Avertissement l\u00e9gal"}]},{"@type":"WebSite","@id":"https:\/\/www.prensoland.com\/fr\/#website","url":"https:\/\/www.prensoland.com\/fr\/","name":"prensoland.com","description":"","publisher":{"@id":"https:\/\/www.prensoland.com\/fr\/#organization"},"potentialAction":[{"@type":"SearchAction","target":{"@type":"EntryPoint","urlTemplate":"https:\/\/www.prensoland.com\/fr\/?s={search_term_string}"},"query-input":{"@type":"PropertyValueSpecification","valueRequired":true,"valueName":"search_term_string"}}],"inLanguage":"fr"},{"@type":"Organization","@id":"https:\/\/www.prensoland.com\/fr\/#organization","name":"Prensoland","url":"https:\/\/www.prensoland.com\/fr\/","logo":{"@type":"ImageObject","inLanguage":"fr","@id":"https:\/\/www.prensoland.com\/fr\/#\/schema\/logo\/image\/","url":"https:\/\/www.prensoland.com\/wp-content\/uploads\/2016\/11\/prensoland-logo.png","contentUrl":"https:\/\/www.prensoland.com\/wp-content\/uploads\/2016\/11\/prensoland-logo.png","width":129,"height":125,"caption":"Prensoland"},"image":{"@id":"https:\/\/www.prensoland.com\/fr\/#\/schema\/logo\/image\/"},"sameAs":["https:\/\/www.facebook.com\/PRENSOLAND\/","https:\/\/x.com\/prensoland","https:\/\/www.linkedin.com\/company\/2341896","https:\/\/es.pinterest.com\/prensoland\/","https:\/\/www.youtube.com\/user\/PRENSOLAND"]}]}},"_links":{"self":[{"href":"https:\/\/www.prensoland.com\/fr\/wp-json\/wp\/v2\/pages\/4195","targetHints":{"allow":["GET"]}}],"collection":[{"href":"https:\/\/www.prensoland.com\/fr\/wp-json\/wp\/v2\/pages"}],"about":[{"href":"https:\/\/www.prensoland.com\/fr\/wp-json\/wp\/v2\/types\/page"}],"author":[{"embeddable":true,"href":"https:\/\/www.prensoland.com\/fr\/wp-json\/wp\/v2\/users\/5"}],"replies":[{"embeddable":true,"href":"https:\/\/www.prensoland.com\/fr\/wp-json\/wp\/v2\/comments?post=4195"}],"version-history":[{"count":2,"href":"https:\/\/www.prensoland.com\/fr\/wp-json\/wp\/v2\/pages\/4195\/revisions"}],"predecessor-version":[{"id":10719,"href":"https:\/\/www.prensoland.com\/fr\/wp-json\/wp\/v2\/pages\/4195\/revisions\/10719"}],"wp:attachment":[{"href":"https:\/\/www.prensoland.com\/fr\/wp-json\/wp\/v2\/media?parent=4195"}],"curies":[{"name":"wp","href":"https:\/\/api.w.org\/{rel}","templated":true}]}}