{"id":5550,"date":"2017-01-19T16:40:32","date_gmt":"2017-01-19T15:40:32","guid":{"rendered":"https:\/\/www.prensoland.com\/?page_id=5550\/"},"modified":"2018-09-26T13:53:27","modified_gmt":"2018-09-26T11:53:27","slug":"nos-valeurs","status":"publish","type":"page","link":"https:\/\/www.prensoland.com\/fr\/nos-valeurs\/","title":{"rendered":"Nos valeurs"},"content":{"rendered":"<div id=\"pl-5550\"  class=\"panel-layout\" ><div id=\"pg-5550-0\"  class=\"panel-grid panel-has-style\" ><div class=\"lsow-dark-bg siteorigin-panels-stretch panel-row-style-full-width panel-row-style panel-row-style-for-5550-0\" data-stretch-type=\"full-stretched\" ><div id=\"pgc-5550-0-0\"  class=\"panel-grid-cell\" ><div id=\"panel-5550-0-0-0\" class=\"so-panel widget widget_sow-editor panel-first-child panel-last-child\" data-index=\"0\" ><div\n\t\t\t\n\t\t\tclass=\"so-widget-sow-editor so-widget-sow-editor-base\"\n\t\t\t\n\t\t>\n<div class=\"siteorigin-widget-tinymce textwidget\">\n\t<h1 style=\"text-align: center;\"><span style=\"color: #ffffff;\">NOS VALEURS<\/span><\/h1>\n<h3 style=\"text-align: center;\"><\/h3>\n<\/div>\n<\/div><\/div><\/div><\/div><\/div><div id=\"pg-5550-1\"  class=\"panel-grid panel-has-style\" ><div class=\"lsow-row siteorigin-panels-stretch panel-row-style-full-width panel-row-style panel-row-style-for-5550-1\" style=\"background-color: #ffffff; \" data-stretch-type=\"full\" ><div id=\"pgc-5550-1-0\"  class=\"panel-grid-cell\" ><div id=\"panel-5550-1-0-0\" class=\"so-panel widget widget_lsow-odometers panel-first-child panel-last-child\" data-index=\"1\" ><div\n\t\t\t\n\t\t\tclass=\"so-widget-lsow-odometers so-widget-lsow-odometers-default-d75171398898-5550\"\n\t\t\t\n\t\t>\n<div class=\"lsow-odometers lsow-grid-container  lsow-grid-desktop-4 lsow-grid-tablet-2 lsow-grid-mobile-1\"><div class=\"lsow-grid-item lsow-odometer\"><span class=\"lsow-prefix\">Plus de<\/span><div class=\"lsow-number odometer\" data-stop=\"3800\">0<\/div><!-- .lsow-number --><div class=\"lsow-stats-title-wrap\"><div class=\"lsow-stats-title\"><span class=\"lsow-icon-wrapper\"><span class=\"sow-icon-ionicons\" data-sow-icon=\"&#xf251;\"\n\t\t \n\t\taria-hidden=\"true\"><\/span><\/span>Machines vendues dans le monde entier<\/div><\/div><\/div><!-- .lsow-odometer --><div class=\"lsow-grid-item lsow-odometer\"><span class=\"lsow-prefix\">Pr\u00e9sents dans<\/span><div class=\"lsow-number odometer\" data-stop=\"50\">0<\/div><!-- .lsow-number --><div class=\"lsow-stats-title-wrap\"><div class=\"lsow-stats-title\"><span class=\"lsow-icon-wrapper\"><span class=\"sow-icon-ionicons\" data-sow-icon=\"&#xf38c;\"\n\t\t \n\t\taria-hidden=\"true\"><\/span><\/span>Pays<\/div><\/div><\/div><!-- .lsow-odometer --><div class=\"lsow-grid-item lsow-odometer\"><span class=\"lsow-prefix\">Plus de<\/span><div class=\"lsow-number odometer\" data-stop=\"1000\">0<\/div><!-- .lsow-number --><div class=\"lsow-stats-title-wrap\"><div class=\"lsow-stats-title\"><span class=\"lsow-icon-wrapper\"><span class=\"sow-icon-fontawesome sow-fas\" data-sow-icon=\"&#xf0b1;\"\n\t\t \n\t\taria-hidden=\"true\"><\/span><\/span>Clients \u00e0 travers le monde<\/div><\/div><\/div><!-- .lsow-odometer --><div class=\"lsow-grid-item lsow-odometer\"><span class=\"lsow-prefix\">Depuis<\/span><div class=\"lsow-number odometer\" data-stop=\"1959\">0<\/div><!-- .lsow-number --><div class=\"lsow-stats-title-wrap\"><div class=\"lsow-stats-title\"><span class=\"lsow-icon-wrapper\"><span class=\"sow-icon-fontawesome sow-fas\" data-sow-icon=\"&#xf275;\"\n\t\t \n\t\taria-hidden=\"true\"><\/span><\/span>Nous offrons des solutions en mati\u00e8re de machines pour pi\u00e8ces pr\u00e9fabriqu\u00e9es en b\u00e9ton<\/div><\/div><\/div><!-- .lsow-odometer --><\/div><!-- .lsow-odometers --><div class=\"lsow-clear\"><\/div><\/div><\/div><\/div><\/div><\/div><div id=\"pg-5550-2\"  class=\"panel-grid panel-has-style\" ><div class=\"lsow-row siteorigin-panels-stretch panel-row-style-full-width panel-row-style panel-row-style-for-5550-2\" style=\"background-color: #f4f4f4; \" data-stretch-type=\"full\" ><div id=\"pgc-5550-2-0\"  class=\"panel-grid-cell\" ><div id=\"panel-5550-2-0-0\" class=\"so-panel widget widget_lsow-services panel-first-child panel-last-child\" data-index=\"2\" ><div\n\t\t\t\n\t\t\tclass=\"so-widget-lsow-services so-widget-lsow-services-default-02eaddce5d1e-5550\"\n\t\t\t\n\t\t><div id=\"lsow-services-1\" class=\"lsow-services lsow-style2 lsow-grid-container  lsow-grid-desktop-4 lsow-grid-tablet-2 lsow-grid-mobile-1\"><div class=\"lsow-grid-item lsow-service-wrapper\"><div class=\"lsow-service \" ><div class=\"lsow-icon-wrapper\"><span class=\"sow-icon-fontawesome sow-fas\" data-sow-icon=\"&#xf091;\"\n\t\t \n\t\taria-hidden=\"true\"><\/span><\/div><div class=\"lsow-service-text\"><h3 class=\"lsow-title\">EXP\u00c9RIENCE<\/h3><div class=\"lsow-service-details\">Forts de plus de 50 ans d\u2019exp\u00e9rience, nous avons \u00e0 notre actif plus de 1 000 clients dans le monde entier et plus de 3 500 machines vendues qui t\u00e9moignent de notre succ\u00e8s international.<\/div><\/div><!-- .lsow-service-text --><\/div><!-- .lsow-service --><\/div><!-- .lsow-service-wrapper --><div class=\"lsow-grid-item lsow-service-wrapper\"><div class=\"lsow-service \" ><div class=\"lsow-icon-wrapper\"><span class=\"sow-icon-fontawesome sow-fas\" data-sow-icon=\"&#xf126;\"\n\t\t \n\t\taria-hidden=\"true\"><\/span><\/div><div class=\"lsow-service-text\"><h3 class=\"lsow-title\">R+D+i<\/h3><div class=\"lsow-service-details\">Notre philosophie d\u2019entreprise consiste \u00e0 offrir technologie d\u2019avant-garde et innovation constante. Misant fortement sur son d\u00e9partement de R+D+i, l\u2019entreprise con\u00e7oit des \u00e9quipements avec des mat\u00e9riaux de pointe \u00e0 rendement \u00e9lev\u00e9.\n\n<\/div><\/div><!-- .lsow-service-text --><\/div><!-- .lsow-service --><\/div><!-- .lsow-service-wrapper --><div class=\"lsow-grid-item lsow-service-wrapper\"><div class=\"lsow-service \" ><div class=\"lsow-icon-wrapper\"><span class=\"sow-icon-fontawesome sow-fas\" data-sow-icon=\"&#xf209;\"\n\t\t \n\t\taria-hidden=\"true\"><\/span><\/div><div class=\"lsow-service-text\"><h3 class=\"lsow-title\">QUALIT\u00c9- PRIX<\/h3><div class=\"lsow-service-details\">Nos machines pour blocs et \u00e9quipements destin\u00e9s \u00e0 la fabrication de poutres et de dalles en b\u00e9ton pr\u00e9contraint offrent un rapport qualit\u00e9-prix imbattable.<\/div><\/div><!-- .lsow-service-text --><\/div><!-- .lsow-service --><\/div><!-- .lsow-service-wrapper --><div class=\"lsow-grid-item lsow-service-wrapper\"><div class=\"lsow-service \" ><div class=\"lsow-icon-wrapper\"><span class=\"sow-icon-fontawesome sow-fas\" data-sow-icon=\"&#xf1ec;\"\n\t\t \n\t\taria-hidden=\"true\"><\/span><\/div><div class=\"lsow-service-text\"><h3 class=\"lsow-title\">RENTABILIT\u00c9<\/h3><div class=\"lsow-service-details\">Des \u00e9quipements qui r\u00e9pondent au march\u00e9 et aux besoins de chaque client. Une assistance personnalis\u00e9e dans l\u2019\u00e9tude de votre investissement.<\/div><\/div><!-- .lsow-service-text --><\/div><!-- .lsow-service --><\/div><!-- .lsow-service-wrapper --><div class=\"lsow-grid-item lsow-service-wrapper\"><div class=\"lsow-service \" ><div class=\"lsow-icon-wrapper\"><span class=\"sow-icon-fontawesome sow-fas\" data-sow-icon=\"&#xf1b3;\"\n\t\t \n\t\taria-hidden=\"true\"><\/span><\/div><div class=\"lsow-service-text\"><h3 class=\"lsow-title\">FONCTIONNALIT\u00c9<\/h3><div class=\"lsow-service-details\">Produit final de qualit\u00e9 irr\u00e9prochable : adapt\u00e9s au secteur et innovants, de formes et dimensions vari\u00e9es, nos produits pr\u00e9fabriqu\u00e9s en b\u00e9ton conjuguent fonctionnalit\u00e9 et r\u00e9sistance \u00e0 toute \u00e9preuve.<\/div><\/div><!-- .lsow-service-text --><\/div><!-- .lsow-service --><\/div><!-- .lsow-service-wrapper --><div class=\"lsow-grid-item lsow-service-wrapper\"><div class=\"lsow-service \" ><div class=\"lsow-icon-wrapper\"><span class=\"sow-icon-fontawesome sow-fas\" data-sow-icon=\"&#xf02e;\"\n\t\t \n\t\taria-hidden=\"true\"><\/span><\/div><div class=\"lsow-service-text\"><h3 class=\"lsow-title\">ENTRETIEN MINIMUM<\/h3><div class=\"lsow-service-details\">L\u2019ensemble de nos machines n\u2019exige qu\u2019un entretien minimum.<\/div><\/div><!-- .lsow-service-text --><\/div><!-- .lsow-service --><\/div><!-- .lsow-service-wrapper --><div class=\"lsow-grid-item lsow-service-wrapper\"><div class=\"lsow-service \" ><div class=\"lsow-icon-wrapper\"><span class=\"sow-icon-fontawesome sow-fas\" data-sow-icon=\"&#xf0d0;\"\n\t\t \n\t\taria-hidden=\"true\"><\/span><\/div><div class=\"lsow-service-text\"><h3 class=\"lsow-title\">POLYVALENCE<\/h3><div class=\"lsow-service-details\">Nous proposons un vaste \u00e9ventail de possibilit\u00e9s d\u2019installation, de la petite usine semi-manuelle aux installations totalement automatis\u00e9es.\n<\/div><\/div><!-- .lsow-service-text --><\/div><!-- .lsow-service --><\/div><!-- .lsow-service-wrapper --><div class=\"lsow-grid-item lsow-service-wrapper\"><div class=\"lsow-service \" ><div class=\"lsow-icon-wrapper\"><\/div><div class=\"lsow-service-text\"><h3 class=\"lsow-title\">R\u00c9SISTANCE<\/h3><div class=\"lsow-service-details\">Tous nos produits sont fabriqu\u00e9s conform\u00e9ment aux normes de qualit\u00e9 et de s\u00e9curit\u00e9 les plus rigoureuses.<\/div><\/div><!-- .lsow-service-text --><\/div><!-- .lsow-service --><\/div><!-- .lsow-service-wrapper --><div class=\"lsow-grid-item lsow-service-wrapper\"><div class=\"lsow-service \" ><div class=\"lsow-icon-wrapper\"><span class=\"sow-icon-fontawesome sow-fas\" data-sow-icon=\"&#xf1d8;\"\n\t\t \n\t\taria-hidden=\"true\"><\/span><\/div><div class=\"lsow-service-text\"><h3 class=\"lsow-title\">AUTOMATISATION<\/h3><div class=\"lsow-service-details\">Nos \u00e9quipements permettent de r\u00e9duire consid\u00e9rablement la main-d\u2019\u0153uvre.<\/div><\/div><!-- .lsow-service-text --><\/div><!-- .lsow-service --><\/div><!-- .lsow-service-wrapper --><div class=\"lsow-grid-item lsow-service-wrapper\"><div class=\"lsow-service \" ><div class=\"lsow-icon-wrapper\"><span class=\"sow-icon-fontawesome sow-fas\" data-sow-icon=\"&#xf164;\"\n\t\t \n\t\taria-hidden=\"true\"><\/span><\/div><div class=\"lsow-service-text\"><h3 class=\"lsow-title\">APR\u00c8S-VENTE<\/h3><div class=\"lsow-service-details\">Service technique et apr\u00e8s-vente assur\u00e9 toute l\u2019ann\u00e9e et partout dans le monde.<\/div><\/div><!-- .lsow-service-text --><\/div><!-- .lsow-service --><\/div><!-- .lsow-service-wrapper --><\/div><!-- .lsow-services --><div class=\"lsow-clear\"><\/div><\/div><\/div><\/div><\/div><\/div><\/div>","protected":false},"excerpt":{"rendered":"<p>NOS VALEURS<\/p>\n","protected":false},"author":5,"featured_media":0,"parent":0,"menu_order":0,"comment_status":"closed","ping_status":"closed","template":"templates\/template-full-notitle.php","meta":{"footnotes":""},"class_list":["post-5550","page","type-page","status-publish","post"],"yoast_head":"<!-- This site is optimized with the Yoast SEO plugin v27.3 - https:\/\/yoast.com\/product\/yoast-seo-wordpress\/ -->\n<title>Nos Valeurs | Machines Bloc B\u00e9ton et Machinerie de Poutres Pr\u00e9contraintes<\/title>\n<meta name=\"description\" content=\"Plus de 60 ans d\u00e9di\u00e9s \u00e0 la fabrication de machines \u00e0 blocs en b\u00e9ton et d\u2019\u00e9l\u00e9ments en b\u00e9ton pr\u00e9contraint, attestent notre exp\u00e9rience. Prensoland est synonyme de Qualit\u00e9, Prix, Polyvalence, Rentabilit\u00e9 et Fonctionnalit\u00e9.\" \/>\n<meta name=\"robots\" content=\"index, follow, max-snippet:-1, max-image-preview:large, max-video-preview:-1\" \/>\n<link rel=\"canonical\" href=\"https:\/\/www.prensoland.com\/fr\/nos-valeurs\/\" \/>\n<meta property=\"og:locale\" content=\"fr_FR\" \/>\n<meta property=\"og:type\" content=\"article\" \/>\n<meta property=\"og:title\" content=\"Nos Valeurs | Machines Bloc B\u00e9ton et Machinerie de Poutres Pr\u00e9contraintes\" \/>\n<meta property=\"og:description\" content=\"Plus de 60 ans d\u00e9di\u00e9s \u00e0 la fabrication de machines \u00e0 blocs en b\u00e9ton et d\u2019\u00e9l\u00e9ments en b\u00e9ton pr\u00e9contraint, attestent notre exp\u00e9rience. Prensoland est synonyme de Qualit\u00e9, Prix, Polyvalence, Rentabilit\u00e9 et Fonctionnalit\u00e9.\" \/>\n<meta property=\"og:url\" content=\"https:\/\/www.prensoland.com\/fr\/nos-valeurs\/\" \/>\n<meta property=\"og:site_name\" content=\"prensoland.com\" \/>\n<meta property=\"article:publisher\" content=\"https:\/\/www.facebook.com\/PRENSOLAND\/\" \/>\n<meta property=\"article:modified_time\" content=\"2018-09-26T11:53:27+00:00\" \/>\n<meta name=\"twitter:card\" content=\"summary_large_image\" \/>\n<meta name=\"twitter:site\" content=\"@prensoland\" \/>\n<meta name=\"twitter:label1\" content=\"Est. reading time\" \/>\n\t<meta name=\"twitter:data1\" content=\"1 minute\" \/>\n<!-- \/ Yoast SEO plugin. -->","yoast_head_json":{"title":"Nos Valeurs | Machines Bloc B\u00e9ton et Machinerie de Poutres Pr\u00e9contraintes","description":"Plus de 60 ans d\u00e9di\u00e9s \u00e0 la fabrication de machines \u00e0 blocs en b\u00e9ton et d\u2019\u00e9l\u00e9ments en b\u00e9ton pr\u00e9contraint, attestent notre exp\u00e9rience. Prensoland est synonyme de Qualit\u00e9, Prix, Polyvalence, Rentabilit\u00e9 et Fonctionnalit\u00e9.","robots":{"index":"index","follow":"follow","max-snippet":"max-snippet:-1","max-image-preview":"max-image-preview:large","max-video-preview":"max-video-preview:-1"},"canonical":"https:\/\/www.prensoland.com\/fr\/nos-valeurs\/","og_locale":"fr_FR","og_type":"article","og_title":"Nos Valeurs | Machines Bloc B\u00e9ton et Machinerie de Poutres Pr\u00e9contraintes","og_description":"Plus de 60 ans d\u00e9di\u00e9s \u00e0 la fabrication de machines \u00e0 blocs en b\u00e9ton et d\u2019\u00e9l\u00e9ments en b\u00e9ton pr\u00e9contraint, attestent notre exp\u00e9rience. Prensoland est synonyme de Qualit\u00e9, Prix, Polyvalence, Rentabilit\u00e9 et Fonctionnalit\u00e9.","og_url":"https:\/\/www.prensoland.com\/fr\/nos-valeurs\/","og_site_name":"prensoland.com","article_publisher":"https:\/\/www.facebook.com\/PRENSOLAND\/","article_modified_time":"2018-09-26T11:53:27+00:00","twitter_card":"summary_large_image","twitter_site":"@prensoland","twitter_misc":{"Est. reading time":"1 minute"},"schema":{"@context":"https:\/\/schema.org","@graph":[{"@type":"WebPage","@id":"https:\/\/www.prensoland.com\/fr\/nos-valeurs\/","url":"https:\/\/www.prensoland.com\/fr\/nos-valeurs\/","name":"Nos Valeurs | Machines Bloc B\u00e9ton et Machinerie de Poutres Pr\u00e9contraintes","isPartOf":{"@id":"https:\/\/www.prensoland.com\/fr\/#website"},"datePublished":"2017-01-19T15:40:32+00:00","dateModified":"2018-09-26T11:53:27+00:00","description":"Plus de 60 ans d\u00e9di\u00e9s \u00e0 la fabrication de machines \u00e0 blocs en b\u00e9ton et d\u2019\u00e9l\u00e9ments en b\u00e9ton pr\u00e9contraint, attestent notre exp\u00e9rience. Prensoland est synonyme de Qualit\u00e9, Prix, Polyvalence, Rentabilit\u00e9 et Fonctionnalit\u00e9.","breadcrumb":{"@id":"https:\/\/www.prensoland.com\/fr\/nos-valeurs\/#breadcrumb"},"inLanguage":"fr","potentialAction":[{"@type":"ReadAction","target":["https:\/\/www.prensoland.com\/fr\/nos-valeurs\/"]}]},{"@type":"BreadcrumbList","@id":"https:\/\/www.prensoland.com\/fr\/nos-valeurs\/#breadcrumb","itemListElement":[{"@type":"ListItem","position":1,"name":"Prensoland","item":"https:\/\/www.prensoland.com\/fr\/"},{"@type":"ListItem","position":2,"name":"Nos valeurs"}]},{"@type":"WebSite","@id":"https:\/\/www.prensoland.com\/fr\/#website","url":"https:\/\/www.prensoland.com\/fr\/","name":"prensoland.com","description":"","publisher":{"@id":"https:\/\/www.prensoland.com\/fr\/#organization"},"potentialAction":[{"@type":"SearchAction","target":{"@type":"EntryPoint","urlTemplate":"https:\/\/www.prensoland.com\/fr\/?s={search_term_string}"},"query-input":{"@type":"PropertyValueSpecification","valueRequired":true,"valueName":"search_term_string"}}],"inLanguage":"fr"},{"@type":"Organization","@id":"https:\/\/www.prensoland.com\/fr\/#organization","name":"Prensoland","url":"https:\/\/www.prensoland.com\/fr\/","logo":{"@type":"ImageObject","inLanguage":"fr","@id":"https:\/\/www.prensoland.com\/fr\/#\/schema\/logo\/image\/","url":"https:\/\/www.prensoland.com\/wp-content\/uploads\/2016\/11\/prensoland-logo.png","contentUrl":"https:\/\/www.prensoland.com\/wp-content\/uploads\/2016\/11\/prensoland-logo.png","width":129,"height":125,"caption":"Prensoland"},"image":{"@id":"https:\/\/www.prensoland.com\/fr\/#\/schema\/logo\/image\/"},"sameAs":["https:\/\/www.facebook.com\/PRENSOLAND\/","https:\/\/x.com\/prensoland","https:\/\/www.linkedin.com\/company\/2341896","https:\/\/es.pinterest.com\/prensoland\/","https:\/\/www.youtube.com\/user\/PRENSOLAND"]}]}},"_links":{"self":[{"href":"https:\/\/www.prensoland.com\/fr\/wp-json\/wp\/v2\/pages\/5550","targetHints":{"allow":["GET"]}}],"collection":[{"href":"https:\/\/www.prensoland.com\/fr\/wp-json\/wp\/v2\/pages"}],"about":[{"href":"https:\/\/www.prensoland.com\/fr\/wp-json\/wp\/v2\/types\/page"}],"author":[{"embeddable":true,"href":"https:\/\/www.prensoland.com\/fr\/wp-json\/wp\/v2\/users\/5"}],"replies":[{"embeddable":true,"href":"https:\/\/www.prensoland.com\/fr\/wp-json\/wp\/v2\/comments?post=5550"}],"version-history":[{"count":4,"href":"https:\/\/www.prensoland.com\/fr\/wp-json\/wp\/v2\/pages\/5550\/revisions"}],"predecessor-version":[{"id":10924,"href":"https:\/\/www.prensoland.com\/fr\/wp-json\/wp\/v2\/pages\/5550\/revisions\/10924"}],"wp:attachment":[{"href":"https:\/\/www.prensoland.com\/fr\/wp-json\/wp\/v2\/media?parent=5550"}],"curies":[{"name":"wp","href":"https:\/\/api.w.org\/{rel}","templated":true}]}}